{"id":18,"date":"2021-05-11T14:58:27","date_gmt":"2021-05-11T12:58:27","guid":{"rendered":"http:\/\/www.apilab.esa.re\/?page_id=18"},"modified":"2021-11-10T08:44:47","modified_gmt":"2021-11-10T07:44:47","slug":"transversal","status":"publish","type":"page","link":"http:\/\/www.apilab.esa.re\/index.php\/transversal\/","title":{"rendered":"TRANSVERSAL"},"content":{"rendered":"\t\t<div data-elementor-type=\"wp-page\" data-elementor-id=\"18\" class=\"elementor elementor-18\" data-elementor-settings=\"[]\">\n\t\t\t\t\t\t<div class=\"elementor-inner\">\n\t\t\t\t\t\t\t<div class=\"elementor-section-wrap\">\n\t\t\t\t\t\t\t<section class=\"elementor-section elementor-top-section elementor-element elementor-element-2a857bf elementor-section-boxed elementor-section-height-default elementor-section-height-default\" data-id=\"2a857bf\" data-element_type=\"section\" data-settings=\"{&quot;tmea_shape_divider_top&quot;:&quot;none&quot;,&quot;tmea_shape_divider_bottom&quot;:&quot;none&quot;}\">\n\t\t\t\t\t\t<div class=\"elementor-container elementor-column-gap-default\">\n\t\t\t\t\t\t\t<div class=\"elementor-row\">\n\t\t\t\t\t<div class=\"elementor-column elementor-col-100 elementor-top-column elementor-element elementor-element-1e5ac83\" data-id=\"1e5ac83\" data-element_type=\"column\">\n\t\t\t<div class=\"elementor-column-wrap elementor-element-populated\">\n\t\t\t\t\t\t\t<div class=\"elementor-widget-wrap\">\n\t\t\t\t\t\t<div class=\"elementor-element elementor-element-f8b4ce4 elementor--h-position-center elementor--v-position-middle elementor-arrows-position-inside elementor-pagination-position-inside elementor-widget elementor-widget-slides\" data-id=\"f8b4ce4\" data-element_type=\"widget\" data-settings=\"{&quot;navigation&quot;:&quot;both&quot;,&quot;autoplay&quot;:&quot;yes&quot;,&quot;pause_on_hover&quot;:&quot;yes&quot;,&quot;pause_on_interaction&quot;:&quot;yes&quot;,&quot;autoplay_speed&quot;:5000,&quot;infinite&quot;:&quot;yes&quot;,&quot;transition&quot;:&quot;slide&quot;,&quot;transition_speed&quot;:500}\" data-widget_type=\"slides.default\">\n\t\t\t\t<div class=\"elementor-widget-container\">\n\t\t\t\t\t<div class=\"elementor-swiper\">\n\t\t\t<div class=\"elementor-slides-wrapper elementor-main-swiper swiper-container\" dir=\"ltr\" data-animation=\"fadeInUp\">\n\t\t\t\t<div class=\"swiper-wrapper elementor-slides\">\n\t\t\t\t\t<div class=\"elementor-repeater-item-ba6742f swiper-slide\"><div class=\"swiper-slide-bg\"><\/div><div class=\"swiper-slide-inner\" ><div class=\"swiper-slide-contents\"><div class=\"elementor-slide-heading\">Transversal<\/div><div class=\"elementor-slide-description\">traces des activit\u00e9s d'APILab<\/div><\/div><\/div><\/div>\t\t\t\t<\/div>\n\t\t\t\t\t\t\t<\/div>\n\t\t<\/div>\n\t\t\t\t<\/div>\n\t\t\t\t<\/div>\n\t\t\t\t\t\t<\/div>\n\t\t\t\t\t<\/div>\n\t\t<\/div>\n\t\t\t\t\t\t\t\t<\/div>\n\t\t\t\t\t<\/div>\n\t\t<\/section>\n\t\t\t\t<section class=\"elementor-section elementor-top-section elementor-element elementor-element-024fab9 elementor-section-boxed elementor-section-height-default elementor-section-height-default\" data-id=\"024fab9\" data-element_type=\"section\" data-settings=\"{&quot;tmea_shape_divider_top&quot;:&quot;none&quot;,&quot;tmea_shape_divider_bottom&quot;:&quot;none&quot;}\">\n\t\t\t\t\t\t<div class=\"elementor-container elementor-column-gap-default\">\n\t\t\t\t\t\t\t<div class=\"elementor-row\">\n\t\t\t\t\t<div class=\"elementor-column elementor-col-100 elementor-top-column elementor-element elementor-element-1f01325\" data-id=\"1f01325\" data-element_type=\"column\">\n\t\t\t<div class=\"elementor-column-wrap elementor-element-populated\">\n\t\t\t\t\t\t\t<div class=\"elementor-widget-wrap\">\n\t\t\t\t\t\t<div class=\"elementor-element elementor-element-8cc61ea elementor--h-position-center elementor--v-position-middle elementor-arrows-position-inside elementor-pagination-position-inside elementor-widget elementor-widget-slides\" data-id=\"8cc61ea\" data-element_type=\"widget\" data-settings=\"{&quot;autoplay_speed&quot;:5500,&quot;transition_speed&quot;:700,&quot;navigation&quot;:&quot;both&quot;,&quot;autoplay&quot;:&quot;yes&quot;,&quot;pause_on_hover&quot;:&quot;yes&quot;,&quot;pause_on_interaction&quot;:&quot;yes&quot;,&quot;infinite&quot;:&quot;yes&quot;,&quot;transition&quot;:&quot;slide&quot;}\" data-widget_type=\"slides.default\">\n\t\t\t\t<div class=\"elementor-widget-container\">\n\t\t\t\t\t<div class=\"elementor-swiper\">\n\t\t\t<div class=\"elementor-slides-wrapper elementor-main-swiper swiper-container\" dir=\"ltr\" data-animation=\"fadeInUp\">\n\t\t\t\t<div class=\"swiper-wrapper elementor-slides\">\n\t\t\t\t\t<div class=\"elementor-repeater-item-5c81f41 swiper-slide\"><div class=\"swiper-slide-bg\"><\/div><div class=\"elementor-background-overlay\"><\/div><a class=\"swiper-slide-inner\" href=\"http:\/\/www.apilab.esa.re\/index.php\/musee-apatride\/\"><div class=\"swiper-slide-contents\"><div class=\"elementor-slide-heading\">Mus\u00e9e Apatride<\/div><div class=\"elementor-slide-description\">2018<\/div><\/div><\/a><\/div><div class=\"elementor-repeater-item-abb780d swiper-slide\"><div class=\"swiper-slide-bg\"><\/div><div class=\"elementor-background-overlay\"><\/div><a class=\"swiper-slide-inner\" href=\"http:\/\/www.apilab.esa.re\/index.php\/sosp\/\"><div class=\"swiper-slide-contents\"><div class=\"elementor-slide-heading\">S.O.S.P (Situations Optiques et Sonores Pures)<\/div><div class=\"elementor-slide-description\">2020\n<\/div><\/div><\/a><\/div><div class=\"elementor-repeater-item-29dc808 swiper-slide\"><div class=\"swiper-slide-bg\"><\/div><div class=\"elementor-background-overlay\"><\/div><a class=\"swiper-slide-inner\" href=\"http:\/\/www.apilab.esa.re\/index.php\/mouvement-dimages-et-de-revoltes\/\"><div class=\"swiper-slide-contents\"><div class=\"elementor-slide-heading\">Mouvements d'images et de r\u00e9voltes<\/div><div class=\"elementor-slide-description\">2019<\/div><\/div><\/a><\/div>\t\t\t\t<\/div>\n\t\t\t\t\t\t\t\t\t\t\t\t\t\t\t<div class=\"swiper-pagination\"><\/div>\n\t\t\t\t\t\t\t\t\t\t\t\t\t\t\t\t<div class=\"elementor-swiper-button elementor-swiper-button-prev\">\n\t\t\t\t\t\t\t<i class=\"eicon-chevron-left\" aria-hidden=\"true\"><\/i>\n\t\t\t\t\t\t\t<span class=\"elementor-screen-only\">Previous<\/span>\n\t\t\t\t\t\t<\/div>\n\t\t\t\t\t\t<div class=\"elementor-swiper-button elementor-swiper-button-next\">\n\t\t\t\t\t\t\t<i class=\"eicon-chevron-right\" aria-hidden=\"true\"><\/i>\n\t\t\t\t\t\t\t<span class=\"elementor-screen-only\">Next<\/span>\n\t\t\t\t\t\t<\/div>\n\t\t\t\t\t\t\t\t\t\t\t\t<\/div>\n\t\t<\/div>\n\t\t\t\t<\/div>\n\t\t\t\t<\/div>\n\t\t\t\t\t\t<\/div>\n\t\t\t\t\t<\/div>\n\t\t<\/div>\n\t\t\t\t\t\t\t\t<\/div>\n\t\t\t\t\t<\/div>\n\t\t<\/section>\n\t\t\t\t<section class=\"elementor-section elementor-top-section elementor-element elementor-element-5e7cf08 elementor-section-boxed elementor-section-height-default elementor-section-height-default\" data-id=\"5e7cf08\" data-element_type=\"section\" data-settings=\"{&quot;background_background&quot;:&quot;classic&quot;,&quot;tmea_shape_divider_top&quot;:&quot;none&quot;,&quot;tmea_shape_divider_bottom&quot;:&quot;none&quot;}\">\n\t\t\t\t\t\t<div class=\"elementor-container elementor-column-gap-no\">\n\t\t\t\t\t\t\t<div class=\"elementor-row\">\n\t\t\t\t\t<div class=\"elementor-column elementor-col-100 elementor-top-column elementor-element elementor-element-5440ec00\" data-id=\"5440ec00\" data-element_type=\"column\">\n\t\t\t<div class=\"elementor-column-wrap elementor-element-populated\">\n\t\t\t\t\t\t\t<div class=\"elementor-widget-wrap\">\n\t\t\t\t\t\t<div class=\"elementor-element elementor-element-2975ed20 elementor-widget elementor-widget-tme-timeline\" data-id=\"2975ed20\" data-element_type=\"widget\" data-widget_type=\"tme-timeline.default\">\n\t\t\t\t<div class=\"elementor-widget-container\">\n\t\t\t        <div class=\"tme-timeline tme-timeline-2-col\">\n            <div class=\"tme-timeline__container\">\n                            <div class=\"tme-timeline__block elementor-repeater-item-30e53eb\">\n                    <div class=\"tme-timeline__img\">\n                                        <\/div>\n                    <div class=\"tme-timeline__content \">\n                    <div class=\"tme-timeline-img\"><img loading=\"lazy\" decoding=\"async\" width=\"697\" height=\"391\" src=\"http:\/\/www.apilab.esa.re\/wp-content\/uploads\/2021\/05\/Image_014.jpg\" class=\"attachment-full size-full\" alt=\"\" srcset=\"http:\/\/www.apilab.esa.re\/wp-content\/uploads\/2021\/05\/Image_014.jpg 697w, http:\/\/www.apilab.esa.re\/wp-content\/uploads\/2021\/05\/Image_014-300x168.jpg 300w\" sizes=\"(max-width: 697px) 100vw, 697px\" \/><\/div>   \n\t\t\t\t\t                    <div class=\"tme-timeline-date\">\n                        <span class=\"tme-timeline__date\">2020<\/span>\n                    <\/div>\n                     \n                    <h5 class=\"tme-timeline-title\">Situations optiques et sonores pures<\/h5>                    <p>Dans le cadre du Laboratoire de Recherche A.P.I. Arts Paysages et Insularit\u00e9, de l\u2019ESA R\u00e9union, et de l\u2019ARC Thriller et Paysage, nous avons organis\u00e9 avec les \u00e9tudiants une soir\u00e9e sonore \u00e0 l\u2019\u00e9cole. Les \u00e9tudiants volontaires ainsi que certains \u00e9l\u00e8ves du cours d\u2019Informatique Musicale au Conservatoire \u00e0 Rayonnement R\u00e9gional, ont pu proposer une oeuvre so- nore, musicale ou en lien avec la perception auditive.<\/p>\n<p><a href=\"http:\/\/www.apilab.esa.re\/index.php\/sosp\/\">Voir plus\u00a0<\/a><\/p>\n                    <\/div>\n                <\/div>\n                            <div class=\"tme-timeline__block elementor-repeater-item-a15e454\">\n                    <div class=\"tme-timeline__img\">\n                                        <\/div>\n                    <div class=\"tme-timeline__content \">\n                    <div class=\"tme-timeline-img\"><img loading=\"lazy\" decoding=\"async\" width=\"1118\" height=\"792\" src=\"http:\/\/www.apilab.esa.re\/wp-content\/uploads\/2021\/05\/Image_015.jpg\" class=\"attachment-full size-full\" alt=\"\" srcset=\"http:\/\/www.apilab.esa.re\/wp-content\/uploads\/2021\/05\/Image_015.jpg 1118w, http:\/\/www.apilab.esa.re\/wp-content\/uploads\/2021\/05\/Image_015-300x213.jpg 300w, http:\/\/www.apilab.esa.re\/wp-content\/uploads\/2021\/05\/Image_015-1024x725.jpg 1024w, http:\/\/www.apilab.esa.re\/wp-content\/uploads\/2021\/05\/Image_015-768x544.jpg 768w\" sizes=\"(max-width: 1118px) 100vw, 1118px\" \/><\/div>   \n\t\t\t\t\t                    <div class=\"tme-timeline-date\">\n                        <span class=\"tme-timeline__date\">2019<\/span>\n                    <\/div>\n                     \n                    <h5 class=\"tme-timeline-title\">Mouvements d'images et de r\u00e9voltes<\/h5>                    <p>Un \u00e9v\u00e9nement compos\u00e9 de plusieurs s\u00e9ances visant \u00e0 pr\u00e9senter des films et des vid\u00e9os (de cin\u00e9astes ou d\u2019artistes de La R\u00e9union et d\u2019ailleurs) qui travaillent la question politique en bousculant les cat\u00e9gories et en inventant parfois de nouvelles formes.<\/p>\n<p><a href=\"http:\/\/www.apilab.esa.re\/index.php\/mouvement-dimages-et-de-revoltes\/\">Voir plus<\/a><\/p>\n                    <\/div>\n                <\/div>\n                            <div class=\"tme-timeline__block elementor-repeater-item-135fd81\">\n                    <div class=\"tme-timeline__img\">\n                                        <\/div>\n                    <div class=\"tme-timeline__content \">\n                    <div class=\"tme-timeline-img\"><img loading=\"lazy\" decoding=\"async\" width=\"1794\" height=\"1230\" src=\"http:\/\/www.apilab.esa.re\/wp-content\/uploads\/2021\/05\/Capture-de\u0301cran-2021-05-11-a\u0300-20.03.47.png\" class=\"attachment-full size-full\" alt=\"\" srcset=\"http:\/\/www.apilab.esa.re\/wp-content\/uploads\/2021\/05\/Capture-de\u0301cran-2021-05-11-a\u0300-20.03.47.png 1794w, http:\/\/www.apilab.esa.re\/wp-content\/uploads\/2021\/05\/Capture-de\u0301cran-2021-05-11-a\u0300-20.03.47-300x206.png 300w, http:\/\/www.apilab.esa.re\/wp-content\/uploads\/2021\/05\/Capture-de\u0301cran-2021-05-11-a\u0300-20.03.47-1024x702.png 1024w, http:\/\/www.apilab.esa.re\/wp-content\/uploads\/2021\/05\/Capture-de\u0301cran-2021-05-11-a\u0300-20.03.47-768x527.png 768w, http:\/\/www.apilab.esa.re\/wp-content\/uploads\/2021\/05\/Capture-de\u0301cran-2021-05-11-a\u0300-20.03.47-1536x1053.png 1536w\" sizes=\"(max-width: 1794px) 100vw, 1794px\" \/><\/div>   \n\t\t\t\t\t                    <div class=\"tme-timeline-date\">\n                        <span class=\"tme-timeline__date\">2018<\/span>\n                    <\/div>\n                     \n                    <h5 class=\"tme-timeline-title\">Mus\u00e9e Apatride<\/h5>                    <p>A la suite d\u2019un workshop men\u00e9 \u00e0 l\u2019Ecole d\u2019art de la R\u00e9union et la Cit\u00e9 des Arts de Saint Denis, en mai 2017, le <em>Mus\u00e9e Apatride <\/em>se construit comme une r\u00e9sidence de recherche curatoriale et filmique (\u00e9criture, rep\u00e9rage, tournage) en octobre 2018 et se conclue par une exposition \u00e0 la Cit\u00e9 des Arts en mai 2019.<\/p>\n<p><a href=\"http:\/\/www.apilab.esa.re\/index.php\/musee-apatride\/\">Voir plus<\/a><\/p>\n                    <\/div>\n                <\/div>\n                        <\/div>\n        <\/div>\n        \t\t<\/div>\n\t\t\t\t<\/div>\n\t\t\t\t\t\t<\/div>\n\t\t\t\t\t<\/div>\n\t\t<\/div>\n\t\t\t\t\t\t\t\t<\/div>\n\t\t\t\t\t<\/div>\n\t\t<\/section>\n\t\t\t\t\t\t<\/div>\n\t\t\t\t\t\t<\/div>\n\t\t\t\t\t<\/div>\n\t\t","protected":false},"excerpt":{"rendered":"<p>Transversaltraces des activit\u00e9s d&#8217;APILab Mus\u00e9e Apatride2018S.O.S.P (Situations Optiques et Sonores Pures)2020 Mouvements d&#8217;images et de r\u00e9voltes2019 Previous Next 2020 Situations optiques et sonores pures Dans le cadre du Laboratoire de Recherche A.P.I. Arts Paysages et Insularit\u00e9, de l\u2019ESA R\u00e9union, et de l\u2019ARC Thriller et Paysage, nous avons organis\u00e9 avec les \u00e9tudiants une soir\u00e9e sonore \u00e0 [&hellip;]<\/p>\n","protected":false},"author":1,"featured_media":0,"parent":0,"menu_order":0,"comment_status":"closed","ping_status":"closed","template":"page-templates\/home-page-8.php","meta":{"footnotes":""},"_links":{"self":[{"href":"http:\/\/www.apilab.esa.re\/index.php\/wp-json\/wp\/v2\/pages\/18"}],"collection":[{"href":"http:\/\/www.apilab.esa.re\/index.php\/wp-json\/wp\/v2\/pages"}],"about":[{"href":"http:\/\/www.apilab.esa.re\/index.php\/wp-json\/wp\/v2\/types\/page"}],"author":[{"embeddable":true,"href":"http:\/\/www.apilab.esa.re\/index.php\/wp-json\/wp\/v2\/users\/1"}],"replies":[{"embeddable":true,"href":"http:\/\/www.apilab.esa.re\/index.php\/wp-json\/wp\/v2\/comments?post=18"}],"version-history":[{"count":148,"href":"http:\/\/www.apilab.esa.re\/index.php\/wp-json\/wp\/v2\/pages\/18\/revisions"}],"predecessor-version":[{"id":3313,"href":"http:\/\/www.apilab.esa.re\/index.php\/wp-json\/wp\/v2\/pages\/18\/revisions\/3313"}],"wp:attachment":[{"href":"http:\/\/www.apilab.esa.re\/index.php\/wp-json\/wp\/v2\/media?parent=18"}],"curies":[{"name":"wp","href":"https:\/\/api.w.org\/{rel}","templated":true}]}}