{"id":48,"date":"2021-05-11T15:18:08","date_gmt":"2021-05-11T13:18:08","guid":{"rendered":"http:\/\/www.apilab.esa.re\/?page_id=48"},"modified":"2021-07-19T09:04:42","modified_gmt":"2021-07-19T07:04:42","slug":"mounir-allaoui-2","status":"publish","type":"page","link":"http:\/\/www.apilab.esa.re\/index.php\/mounir-allaoui-2\/","title":{"rendered":"Mounir ALLAOUI"},"content":{"rendered":"\t\t<div data-elementor-type=\"wp-page\" data-elementor-id=\"48\" class=\"elementor elementor-48\" data-elementor-settings=\"[]\">\n\t\t\t\t\t\t<div class=\"elementor-inner\">\n\t\t\t\t\t\t\t<div class=\"elementor-section-wrap\">\n\t\t\t\t\t\t\t<section class=\"elementor-section elementor-top-section elementor-element elementor-element-b2e52da elementor-section-boxed elementor-section-height-default elementor-section-height-default\" data-id=\"b2e52da\" data-element_type=\"section\" data-settings=\"{&quot;tmea_shape_divider_top&quot;:&quot;none&quot;,&quot;tmea_shape_divider_bottom&quot;:&quot;none&quot;}\">\n\t\t\t\t\t\t<div class=\"elementor-container elementor-column-gap-default\">\n\t\t\t\t\t\t\t<div class=\"elementor-row\">\n\t\t\t\t\t<div class=\"elementor-column elementor-col-100 elementor-top-column elementor-element elementor-element-911cb20\" data-id=\"911cb20\" data-element_type=\"column\">\n\t\t\t<div class=\"elementor-column-wrap elementor-element-populated\">\n\t\t\t\t\t\t\t<div class=\"elementor-widget-wrap\">\n\t\t\t\t\t\t<div class=\"elementor-element elementor-element-f4b9ebb elementor--h-position-center elementor--v-position-middle elementor-arrows-position-inside elementor-pagination-position-inside elementor-widget elementor-widget-slides\" data-id=\"f4b9ebb\" data-element_type=\"widget\" data-settings=\"{&quot;navigation&quot;:&quot;both&quot;,&quot;autoplay&quot;:&quot;yes&quot;,&quot;pause_on_hover&quot;:&quot;yes&quot;,&quot;pause_on_interaction&quot;:&quot;yes&quot;,&quot;autoplay_speed&quot;:5000,&quot;infinite&quot;:&quot;yes&quot;,&quot;transition&quot;:&quot;slide&quot;,&quot;transition_speed&quot;:500}\" data-widget_type=\"slides.default\">\n\t\t\t\t<div class=\"elementor-widget-container\">\n\t\t\t\t\t<div class=\"elementor-swiper\">\n\t\t\t<div class=\"elementor-slides-wrapper elementor-main-swiper swiper-container\" dir=\"ltr\" data-animation=\"fadeInUp\">\n\t\t\t\t<div class=\"swiper-wrapper elementor-slides\">\n\t\t\t\t\t<div class=\"elementor-repeater-item-7d530aa swiper-slide\"><div class=\"swiper-slide-bg\"><\/div><div class=\"swiper-slide-inner\" ><div class=\"swiper-slide-contents\"><div class=\"elementor-slide-heading\">MOUNIR ALLAOUI<\/div><\/div><\/div><\/div>\t\t\t\t<\/div>\n\t\t\t\t\t\t\t<\/div>\n\t\t<\/div>\n\t\t\t\t<\/div>\n\t\t\t\t<\/div>\n\t\t\t\t\t\t<\/div>\n\t\t\t\t\t<\/div>\n\t\t<\/div>\n\t\t\t\t\t\t\t\t<\/div>\n\t\t\t\t\t<\/div>\n\t\t<\/section>\n\t\t\t\t<section class=\"elementor-section elementor-top-section elementor-element elementor-element-6e695f6 elementor-section-boxed elementor-section-height-default elementor-section-height-default\" data-id=\"6e695f6\" data-element_type=\"section\" data-settings=\"{&quot;tmea_shape_divider_top&quot;:&quot;none&quot;,&quot;tmea_shape_divider_bottom&quot;:&quot;none&quot;}\">\n\t\t\t\t\t\t<div class=\"elementor-container elementor-column-gap-default\">\n\t\t\t\t\t\t\t<div class=\"elementor-row\">\n\t\t\t\t\t<div class=\"elementor-column elementor-col-100 elementor-top-column elementor-element elementor-element-9e33668\" data-id=\"9e33668\" data-element_type=\"column\">\n\t\t\t<div class=\"elementor-column-wrap elementor-element-populated\">\n\t\t\t\t\t\t\t<div class=\"elementor-widget-wrap\">\n\t\t\t\t\t\t<div class=\"elementor-element elementor-element-ad13316 elementor-widget elementor-widget-image\" data-id=\"ad13316\" data-element_type=\"widget\" data-widget_type=\"image.default\">\n\t\t\t\t<div class=\"elementor-widget-container\">\n\t\t\t\t\t\t\t\t<div class=\"elementor-image\">\n\t\t\t\t\t\t\t\t\t\t\t\t<img loading=\"lazy\" decoding=\"async\" width=\"600\" height=\"600\" src=\"http:\/\/www.apilab.esa.re\/wp-content\/uploads\/2021\/05\/Mounir-Allaoui.jpg\" class=\"attachment-large size-large\" alt=\"\" srcset=\"http:\/\/www.apilab.esa.re\/wp-content\/uploads\/2021\/05\/Mounir-Allaoui.jpg 600w, http:\/\/www.apilab.esa.re\/wp-content\/uploads\/2021\/05\/Mounir-Allaoui-300x300.jpg 300w, http:\/\/www.apilab.esa.re\/wp-content\/uploads\/2021\/05\/Mounir-Allaoui-150x150.jpg 150w\" sizes=\"(max-width: 600px) 100vw, 600px\" \/>\t\t\t\t\t\t\t\t\t\t\t\t\t\t<\/div>\n\t\t\t\t\t\t<\/div>\n\t\t\t\t<\/div>\n\t\t\t\t\t\t<\/div>\n\t\t\t\t\t<\/div>\n\t\t<\/div>\n\t\t\t\t\t\t\t\t<\/div>\n\t\t\t\t\t<\/div>\n\t\t<\/section>\n\t\t\t\t<section class=\"elementor-section elementor-top-section elementor-element elementor-element-074f225 elementor-section-boxed elementor-section-height-default elementor-section-height-default\" data-id=\"074f225\" data-element_type=\"section\" data-settings=\"{&quot;tmea_shape_divider_top&quot;:&quot;none&quot;,&quot;tmea_shape_divider_bottom&quot;:&quot;none&quot;}\">\n\t\t\t\t\t\t<div class=\"elementor-container elementor-column-gap-default\">\n\t\t\t\t\t\t\t<div class=\"elementor-row\">\n\t\t\t\t\t<div class=\"elementor-column elementor-col-50 elementor-top-column elementor-element elementor-element-7411293\" data-id=\"7411293\" data-element_type=\"column\">\n\t\t\t<div class=\"elementor-column-wrap\">\n\t\t\t\t\t\t\t<div class=\"elementor-widget-wrap\">\n\t\t\t\t\t\t\t\t<\/div>\n\t\t\t\t\t<\/div>\n\t\t<\/div>\n\t\t\t\t<div class=\"elementor-column elementor-col-50 elementor-top-column elementor-element elementor-element-25208ba\" data-id=\"25208ba\" data-element_type=\"column\">\n\t\t\t<div class=\"elementor-column-wrap\">\n\t\t\t\t\t\t\t<div class=\"elementor-widget-wrap\">\n\t\t\t\t\t\t\t\t<\/div>\n\t\t\t\t\t<\/div>\n\t\t<\/div>\n\t\t\t\t\t\t\t\t<\/div>\n\t\t\t\t\t<\/div>\n\t\t<\/section>\n\t\t\t\t<section class=\"elementor-section elementor-top-section elementor-element elementor-element-5f2b1867 elementor-section-boxed elementor-section-height-default elementor-section-height-default\" data-id=\"5f2b1867\" data-element_type=\"section\" data-settings=\"{&quot;tmea_shape_divider_top&quot;:&quot;none&quot;,&quot;tmea_shape_divider_bottom&quot;:&quot;none&quot;}\">\n\t\t\t\t\t\t<div class=\"elementor-container elementor-column-gap-default\">\n\t\t\t\t\t\t\t<div class=\"elementor-row\">\n\t\t\t\t\t<div class=\"elementor-column elementor-col-100 elementor-top-column elementor-element elementor-element-74cf2fe7\" data-id=\"74cf2fe7\" data-element_type=\"column\">\n\t\t\t<div class=\"elementor-column-wrap elementor-element-populated\">\n\t\t\t\t\t\t\t<div class=\"elementor-widget-wrap\">\n\t\t\t\t\t\t<div class=\"elementor-element elementor-element-3df4f0c1 elementor-widget elementor-widget-text-editor\" data-id=\"3df4f0c1\" data-element_type=\"widget\" data-widget_type=\"text-editor.default\">\n\t\t\t\t<div class=\"elementor-widget-container\">\n\t\t\t\t\t\t\t\t<div class=\"elementor-text-editor elementor-clearfix\">\n\t\t\t\t\t<!-- wp:paragraph --><!-- \/wp:paragraph --><!-- wp:paragraph -->\n<p>Vid\u00e9aste, critique de cin\u00e9ma n\u00e9 en 1980 \u00e0 Nantes \u2013 r\u00e9side et travaille \u00e0 l\u2019\u00eele de La R\u00e9union.<\/p>\n<!-- \/wp:paragraph --><!-- wp:paragraph -->\n<p>Son travail vid\u00e9o a \u00e9t\u00e9 notamment pr\u00e9sent\u00e9 en Chine lors de la troisi\u00e8me (2013) et la quatri\u00e8me (2017) Beijing Film Academy New Media Art Triennal ; \u00e0 la X\u00e8me Biennale de La Havane (Cuba) lors de l\u2019itin\u00e9rance de l\u2019exposition Latitudes terres du monde ; \u00e0 l\u2019Artoth\u00e8que du d\u00e9partement de La R\u00e9union ; au FRAC de Basse-Normandie dans la programmation \u00ab boucles d\u2019or \u00bb (transat vid\u00e9o) ; ainsi qu\u2019au Festival du Film d\u2019Afrique et des \u00eeles (La R\u00e9union, France) et au Festival International du Film d\u2019Amiens (France).<\/p>\n<!-- \/wp:paragraph --><!-- wp:paragraph -->\n<p>Dans le cadre de recherches m\u00ealant anthropologie et art vid\u00e9o, et aussi d\u2019\u00e9tudes du cin\u00e9ma japonais, il a anim\u00e9 des conf\u00e9rences lors de s\u00e9minaires et colloques internationaux, notamment au mus\u00e9e national d\u2019ethnologie \u00e0 Osaka (Japon), \u00e0 l\u2019Institut des Langues et Cultures d\u2019Asie et d\u2019Afrique (Universit\u00e9 des \u00e9tudes \u00e9trang\u00e8res de Tokyo, Japon), \u00e0 l\u2019Ecole Sup\u00e9rieure d\u2019Art de La R\u00e9union, \u00e0 l\u2019Ecole Nationale Sup\u00e9rieure d\u2019Art de Paris Cergy, au d\u00e9partement art et design de l\u2019Universit\u00e9 Tsinghua (Beijing, Chine), ainsi qu\u2019\u00e0 l\u2019Ecole Normale Sup\u00e9rieure de Lyon.<\/p>\n<!-- \/wp:paragraph --><!-- wp:paragraph -->\n<p>Il est aussi fondateur et co-r\u00e9dacteur en chef de la revue Mondes du cin\u00e9ma aux \u00e9ditions LettMotif ISSN 2260-1783 et a co-dirig\u00e9 avec Markus Arnold l\u2019ouvrage collectif \u00ab L\u2019image et son dehors : contours, transitions, transformations \u00bb, publi\u00e9 aux presses universitaires de Pau et des Pays de l\u2019Adour (num\u00e9ro 33 de la revue Figures de l\u2019art)<\/p>\n<!-- \/wp:paragraph --><!-- wp:paragraph -->\n<p>Autre activit\u00e9 en audiovisuel : Correspondant zone sud ouest oc\u00e9an indien depuis octobre 2017 de l\u2019\u00e9mission d\u2019actualit\u00e9 g\u00e9n\u00e9rale \u00ab Sunday scoop \u00bb de la chaine japonaise BS Asahi.<\/p>\n<!-- \/wp:paragraph --><!-- wp:paragraph -->\n<p>Actuellement doctorant \u00e0 l\u2019Universit\u00e9 Montpellier 3, sous la direction de Marc Vernet et de Jean-Michel Frodon.<\/p>\n<!-- \/wp:paragraph -->\t\t\t\t\t<\/div>\n\t\t\t\t\t\t<\/div>\n\t\t\t\t<\/div>\n\t\t\t\t\t\t<\/div>\n\t\t\t\t\t<\/div>\n\t\t<\/div>\n\t\t\t\t\t\t\t\t<\/div>\n\t\t\t\t\t<\/div>\n\t\t<\/section>\n\t\t\t\t\t\t<\/div>\n\t\t\t\t\t\t<\/div>\n\t\t\t\t\t<\/div>\n\t\t","protected":false},"excerpt":{"rendered":"<p>MOUNIR ALLAOUI Vid\u00e9aste, critique de cin\u00e9ma n\u00e9 en 1980 \u00e0 Nantes \u2013 r\u00e9side et travaille \u00e0 l\u2019\u00eele de La R\u00e9union. Son travail vid\u00e9o a \u00e9t\u00e9 notamment pr\u00e9sent\u00e9 en Chine lors de la troisi\u00e8me (2013) et la quatri\u00e8me (2017) Beijing Film Academy New Media Art Triennal ; \u00e0 la X\u00e8me Biennale de La Havane (Cuba) lors [&hellip;]<\/p>\n","protected":false},"author":1,"featured_media":0,"parent":0,"menu_order":0,"comment_status":"closed","ping_status":"closed","template":"page-templates\/home-page-1.php","meta":{"footnotes":""},"_links":{"self":[{"href":"http:\/\/www.apilab.esa.re\/index.php\/wp-json\/wp\/v2\/pages\/48"}],"collection":[{"href":"http:\/\/www.apilab.esa.re\/index.php\/wp-json\/wp\/v2\/pages"}],"about":[{"href":"http:\/\/www.apilab.esa.re\/index.php\/wp-json\/wp\/v2\/types\/page"}],"author":[{"embeddable":true,"href":"http:\/\/www.apilab.esa.re\/index.php\/wp-json\/wp\/v2\/users\/1"}],"replies":[{"embeddable":true,"href":"http:\/\/www.apilab.esa.re\/index.php\/wp-json\/wp\/v2\/comments?post=48"}],"version-history":[{"count":11,"href":"http:\/\/www.apilab.esa.re\/index.php\/wp-json\/wp\/v2\/pages\/48\/revisions"}],"predecessor-version":[{"id":1644,"href":"http:\/\/www.apilab.esa.re\/index.php\/wp-json\/wp\/v2\/pages\/48\/revisions\/1644"}],"wp:attachment":[{"href":"http:\/\/www.apilab.esa.re\/index.php\/wp-json\/wp\/v2\/media?parent=48"}],"curies":[{"name":"wp","href":"https:\/\/api.w.org\/{rel}","templated":true}]}}