{"id":3485,"date":"2023-10-18T11:57:37","date_gmt":"2023-10-18T09:57:37","guid":{"rendered":"https:\/\/www.apilab.esa.re\/?page_id=3485"},"modified":"2024-04-23T07:03:09","modified_gmt":"2024-04-23T05:03:09","slug":"arcs","status":"publish","type":"page","link":"https:\/\/www.apilab.esa.re\/index.php\/arcs\/","title":{"rendered":"ARCs"},"content":{"rendered":"<h1 style=\"text-align: center;\"><strong>Ateliers de Recherche et de Cr\u00e9ation<\/strong><\/h1>\n<p>&nbsp;<\/p>\n<p><span style=\"font-weight: 400;\">Les ARCs sont des lieux de pratiques du projet, exp\u00e9rimentaux, transversaux.\u00a0<\/span><\/p>\n<p><span style=\"font-weight: 400;\">L\u2019\u00e9tudiant construit son programme, accompagn\u00e9 par le coordinateur et l\u2019\u00e9quipe enseignante puis par une \u00e9quipe de tuteurs en cinqui\u00e8me ann\u00e9e : un plasticien et un enseignant en culture g\u00e9n\u00e9rale de l&#8217;\u00c9SA de La R\u00e9union, auxquels peuvent s\u2019ajouter des r\u00e9f\u00e9rents ext\u00e9rieurs, sp\u00e9cialistes du sujet choisi.<\/span><\/p>\n<p><span style=\"font-weight: 400;\">Les travaux r\u00e9sultant de ces ateliers sont publi\u00e9s et mis \u00e0 disposition du laboratoire pour \u00e9tayer et rendre visible la recherche.<\/span><\/p>\n<p>&nbsp;<\/p>\n<p><a href=\"http:\/\/www.apilab.esa.re\/index.php\/arcs\/pensee-plastique-des-insularites\/\">ARC Pens\u00e9es plastiques des insularit\u00e9s\u00a0<\/a><\/p>\n<p><a href=\"https:\/\/www.apilab.esa.re\/index.php\/2024\/04\/23\/les-puissantes\/\">ARC Les Puissantes<\/a><\/p>\n","protected":false},"excerpt":{"rendered":"<p>Ateliers de Recherche et de Cr\u00e9ation &nbsp; Les ARCs sont des lieux de pratiques du projet, exp\u00e9rimentaux, transversaux.\u00a0 L\u2019\u00e9tudiant construit son programme, accompagn\u00e9 par le coordinateur et l\u2019\u00e9quipe enseignante puis par une \u00e9quipe de tuteurs en cinqui\u00e8me ann\u00e9e : un plasticien et un enseignant en culture g\u00e9n\u00e9rale de l&#8217;\u00c9SA de La R\u00e9union, auxquels peuvent s\u2019ajouter [&hellip;]<\/p>\n","protected":false},"author":1,"featured_media":0,"parent":0,"menu_order":0,"comment_status":"closed","ping_status":"closed","template":"","meta":{"footnotes":""},"_links":{"self":[{"href":"https:\/\/www.apilab.esa.re\/index.php\/wp-json\/wp\/v2\/pages\/3485"}],"collection":[{"href":"https:\/\/www.apilab.esa.re\/index.php\/wp-json\/wp\/v2\/pages"}],"about":[{"href":"https:\/\/www.apilab.esa.re\/index.php\/wp-json\/wp\/v2\/types\/page"}],"author":[{"embeddable":true,"href":"https:\/\/www.apilab.esa.re\/index.php\/wp-json\/wp\/v2\/users\/1"}],"replies":[{"embeddable":true,"href":"https:\/\/www.apilab.esa.re\/index.php\/wp-json\/wp\/v2\/comments?post=3485"}],"version-history":[{"count":12,"href":"https:\/\/www.apilab.esa.re\/index.php\/wp-json\/wp\/v2\/pages\/3485\/revisions"}],"predecessor-version":[{"id":3967,"href":"https:\/\/www.apilab.esa.re\/index.php\/wp-json\/wp\/v2\/pages\/3485\/revisions\/3967"}],"wp:attachment":[{"href":"https:\/\/www.apilab.esa.re\/index.php\/wp-json\/wp\/v2\/media?parent=3485"}],"curies":[{"name":"wp","href":"https:\/\/api.w.org\/{rel}","templated":true}]}}