{"id":3489,"date":"2023-10-18T12:02:23","date_gmt":"2023-10-18T10:02:23","guid":{"rendered":"https:\/\/www.apilab.esa.re\/?page_id=3489"},"modified":"2024-06-19T09:38:52","modified_gmt":"2024-06-19T07:38:52","slug":"evenements","status":"publish","type":"page","link":"https:\/\/www.apilab.esa.re\/index.php\/evenements\/","title":{"rendered":"\u00c9V\u00c9NEMENTS"},"content":{"rendered":"<h1 style=\"text-align: center;\">\u00c9V\u00c9NEMENTS<\/h1>\n<p>&nbsp;<\/p>\n<ul>\n<li><a href=\"https:\/\/www.apilab.esa.re\/index.php\/2024\/06\/19\/journee-detudes-hors-les-murs-de-la-fshl-de-luniversite-de-la-reunion\/\">S\u00e9minaire doctoral hors les murs des doctorant.e.s de la Facult\u00e9 de Lettres et Sciences Humaines de l&#8217;Universit\u00e9 de La R\u00e9union<\/a><\/li>\n<\/ul>\n<p><img loading=\"lazy\" decoding=\"async\" class=\"size-medium wp-image-4014 aligncenter\" src=\"http:\/\/www.apilab.esa.re\/wp-content\/uploads\/2024\/06\/Affiche-Finale_page-0001-1-212x300.jpg\" alt=\"\" width=\"212\" height=\"300\" srcset=\"https:\/\/www.apilab.esa.re\/wp-content\/uploads\/2024\/06\/Affiche-Finale_page-0001-1-212x300.jpg 212w, https:\/\/www.apilab.esa.re\/wp-content\/uploads\/2024\/06\/Affiche-Finale_page-0001-1-724x1024.jpg 724w, https:\/\/www.apilab.esa.re\/wp-content\/uploads\/2024\/06\/Affiche-Finale_page-0001-1-768x1086.jpg 768w, https:\/\/www.apilab.esa.re\/wp-content\/uploads\/2024\/06\/Affiche-Finale_page-0001-1-1086x1536.jpg 1086w, https:\/\/www.apilab.esa.re\/wp-content\/uploads\/2024\/06\/Affiche-Finale_page-0001-1-1448x2048.jpg 1448w, https:\/\/www.apilab.esa.re\/wp-content\/uploads\/2024\/06\/Affiche-Finale_page-0001-1-500x707.jpg 500w, https:\/\/www.apilab.esa.re\/wp-content\/uploads\/2024\/06\/Affiche-Finale_page-0001-1-scaled.jpg 1810w\" sizes=\"(max-width: 212px) 100vw, 212px\" \/><\/p>\n<p>&nbsp;<\/p>\n<ul>\n<li><a href=\"http:\/\/sfej.asso.fr\/wp-content\/uploads\/2023\/12\/Programmecomplet.pdf\">Colloque Environnement et paysage au Japon et \u00e0 La R\u00e9union<\/a><\/li>\n<\/ul>\n<p>&nbsp;<\/p>\n<p><a href=\"http:\/\/sfej.asso.fr\/wp-content\/uploads\/2023\/12\/Programmecomplet.pdf\"><img loading=\"lazy\" decoding=\"async\" class=\"size-medium wp-image-4035 aligncenter\" src=\"http:\/\/www.apilab.esa.re\/wp-content\/uploads\/2024\/06\/Affiche-et-programme-Colloque-JaponLaReunion_page-0001-212x300.jpg\" alt=\"\" width=\"212\" height=\"300\" srcset=\"https:\/\/www.apilab.esa.re\/wp-content\/uploads\/2024\/06\/Affiche-et-programme-Colloque-JaponLaReunion_page-0001-212x300.jpg 212w, https:\/\/www.apilab.esa.re\/wp-content\/uploads\/2024\/06\/Affiche-et-programme-Colloque-JaponLaReunion_page-0001-724x1024.jpg 724w, https:\/\/www.apilab.esa.re\/wp-content\/uploads\/2024\/06\/Affiche-et-programme-Colloque-JaponLaReunion_page-0001-768x1087.jpg 768w, https:\/\/www.apilab.esa.re\/wp-content\/uploads\/2024\/06\/Affiche-et-programme-Colloque-JaponLaReunion_page-0001-1085x1536.jpg 1085w, https:\/\/www.apilab.esa.re\/wp-content\/uploads\/2024\/06\/Affiche-et-programme-Colloque-JaponLaReunion_page-0001-500x708.jpg 500w, https:\/\/www.apilab.esa.re\/wp-content\/uploads\/2024\/06\/Affiche-et-programme-Colloque-JaponLaReunion_page-0001.jpg 1240w\" sizes=\"(max-width: 212px) 100vw, 212px\" \/><\/a><\/p>\n<ul>\n<li><a href=\"https:\/\/www.univ-reunion.fr\/agenda\/colloque\/gages-daffection-et-patrimoine-de-locean-indien\/\">Colloque Gages d&#8217;affection et patrimoine de l&#8217;oc\u00e9an Indien\u00a0<\/a><\/li>\n<\/ul>\n<p><img loading=\"lazy\" decoding=\"async\" class=\"size-medium wp-image-4036 aligncenter\" src=\"http:\/\/www.apilab.esa.re\/wp-content\/uploads\/2024\/06\/colloque-universite-patrimoine-affection-00ece-300x200.jpg\" alt=\"\" width=\"300\" height=\"200\" srcset=\"https:\/\/www.apilab.esa.re\/wp-content\/uploads\/2024\/06\/colloque-universite-patrimoine-affection-00ece-300x200.jpg 300w, https:\/\/www.apilab.esa.re\/wp-content\/uploads\/2024\/06\/colloque-universite-patrimoine-affection-00ece-768x512.jpg 768w, https:\/\/www.apilab.esa.re\/wp-content\/uploads\/2024\/06\/colloque-universite-patrimoine-affection-00ece-500x333.jpg 500w, https:\/\/www.apilab.esa.re\/wp-content\/uploads\/2024\/06\/colloque-universite-patrimoine-affection-00ece.jpg 1024w\" sizes=\"(max-width: 300px) 100vw, 300px\" \/><\/p>\n","protected":false},"excerpt":{"rendered":"<p>\u00c9V\u00c9NEMENTS &nbsp; S\u00e9minaire doctoral hors les murs des doctorant.e.s de la Facult\u00e9 de Lettres et Sciences Humaines de l&#8217;Universit\u00e9 de La R\u00e9union &nbsp; Colloque Environnement et paysage au Japon et \u00e0 La R\u00e9union &nbsp; Colloque Gages d&#8217;affection et patrimoine de l&#8217;oc\u00e9an Indien\u00a0<\/p>\n","protected":false},"author":1,"featured_media":0,"parent":0,"menu_order":0,"comment_status":"closed","ping_status":"closed","template":"page-templates\/home-page-1.php","meta":{"footnotes":""},"_links":{"self":[{"href":"https:\/\/www.apilab.esa.re\/index.php\/wp-json\/wp\/v2\/pages\/3489"}],"collection":[{"href":"https:\/\/www.apilab.esa.re\/index.php\/wp-json\/wp\/v2\/pages"}],"about":[{"href":"https:\/\/www.apilab.esa.re\/index.php\/wp-json\/wp\/v2\/types\/page"}],"author":[{"embeddable":true,"href":"https:\/\/www.apilab.esa.re\/index.php\/wp-json\/wp\/v2\/users\/1"}],"replies":[{"embeddable":true,"href":"https:\/\/www.apilab.esa.re\/index.php\/wp-json\/wp\/v2\/comments?post=3489"}],"version-history":[{"count":7,"href":"https:\/\/www.apilab.esa.re\/index.php\/wp-json\/wp\/v2\/pages\/3489\/revisions"}],"predecessor-version":[{"id":4037,"href":"https:\/\/www.apilab.esa.re\/index.php\/wp-json\/wp\/v2\/pages\/3489\/revisions\/4037"}],"wp:attachment":[{"href":"https:\/\/www.apilab.esa.re\/index.php\/wp-json\/wp\/v2\/media?parent=3489"}],"curies":[{"name":"wp","href":"https:\/\/api.w.org\/{rel}","templated":true}]}}