{"id":3675,"date":"2024-02-08T08:15:37","date_gmt":"2024-02-08T07:15:37","guid":{"rendered":"https:\/\/www.apilab.esa.re\/?page_id=3675"},"modified":"2024-06-19T13:12:18","modified_gmt":"2024-06-19T11:12:18","slug":"programme-radar-ecocritique-et-paysage-entre-la-reunion-et-le-japon","status":"publish","type":"page","link":"https:\/\/www.apilab.esa.re\/index.php\/actualite-ressources\/programme-radar-ecocritique-et-paysage-entre-la-reunion-et-le-japon\/","title":{"rendered":"\u00c9cocritique et Paysage entre La R\u00e9union et le Japon (projet RADAR &#8211; Minist\u00e8re de la Culture &#8211; 2022-2023)"},"content":{"rendered":"\t\t<div data-elementor-type=\"wp-page\" data-elementor-id=\"3675\" class=\"elementor elementor-3675\" data-elementor-settings=\"[]\">\n\t\t\t\t\t\t<div class=\"elementor-inner\">\n\t\t\t\t\t\t\t<div class=\"elementor-section-wrap\">\n\t\t\t\t\t\t\t<section class=\"elementor-section elementor-top-section elementor-element elementor-element-92e489f elementor-section-boxed elementor-section-height-default elementor-section-height-default\" data-id=\"92e489f\" data-element_type=\"section\" data-settings=\"{&quot;tmea_shape_divider_top&quot;:&quot;none&quot;,&quot;tmea_shape_divider_bottom&quot;:&quot;none&quot;}\">\n\t\t\t\t\t\t<div class=\"elementor-container elementor-column-gap-default\">\n\t\t\t\t\t\t\t<div class=\"elementor-row\">\n\t\t\t\t\t<div class=\"elementor-column elementor-col-50 elementor-top-column elementor-element elementor-element-60ec8a0\" data-id=\"60ec8a0\" data-element_type=\"column\">\n\t\t\t<div class=\"elementor-column-wrap elementor-element-populated\">\n\t\t\t\t\t\t\t<div class=\"elementor-widget-wrap\">\n\t\t\t\t\t\t<div class=\"elementor-element elementor-element-8b5df81 elementor-widget elementor-widget-image\" data-id=\"8b5df81\" data-element_type=\"widget\" data-widget_type=\"image.default\">\n\t\t\t\t<div class=\"elementor-widget-container\">\n\t\t\t\t\t\t\t\t<div class=\"elementor-image\">\n\t\t\t\t\t\t\t\t\t\t\t\t<img loading=\"lazy\" decoding=\"async\" width=\"900\" height=\"405\" src=\"https:\/\/www.apilab.esa.re\/wp-content\/uploads\/2024\/02\/387561746_349102520927824_3893529996980167283_n-1024x461.jpg\" class=\"attachment-large size-large\" alt=\"\" srcset=\"https:\/\/www.apilab.esa.re\/wp-content\/uploads\/2024\/02\/387561746_349102520927824_3893529996980167283_n-1024x461.jpg 1024w, https:\/\/www.apilab.esa.re\/wp-content\/uploads\/2024\/02\/387561746_349102520927824_3893529996980167283_n-300x135.jpg 300w, https:\/\/www.apilab.esa.re\/wp-content\/uploads\/2024\/02\/387561746_349102520927824_3893529996980167283_n-768x346.jpg 768w, https:\/\/www.apilab.esa.re\/wp-content\/uploads\/2024\/02\/387561746_349102520927824_3893529996980167283_n-1536x691.jpg 1536w, https:\/\/www.apilab.esa.re\/wp-content\/uploads\/2024\/02\/387561746_349102520927824_3893529996980167283_n-500x225.jpg 500w, https:\/\/www.apilab.esa.re\/wp-content\/uploads\/2024\/02\/387561746_349102520927824_3893529996980167283_n.jpg 2000w\" sizes=\"(max-width: 900px) 100vw, 900px\" \/>\t\t\t\t\t\t\t\t\t\t\t\t\t\t<\/div>\n\t\t\t\t\t\t<\/div>\n\t\t\t\t<\/div>\n\t\t\t\t\t\t<\/div>\n\t\t\t\t\t<\/div>\n\t\t<\/div>\n\t\t\t\t<div class=\"elementor-column elementor-col-50 elementor-top-column elementor-element elementor-element-e2193a6\" data-id=\"e2193a6\" data-element_type=\"column\">\n\t\t\t<div class=\"elementor-column-wrap elementor-element-populated\">\n\t\t\t\t\t\t\t<div class=\"elementor-widget-wrap\">\n\t\t\t\t\t\t<div class=\"elementor-element elementor-element-19e765a elementor-widget elementor-widget-image\" data-id=\"19e765a\" data-element_type=\"widget\" data-widget_type=\"image.default\">\n\t\t\t\t<div class=\"elementor-widget-container\">\n\t\t\t\t\t\t\t\t<div class=\"elementor-image\">\n\t\t\t\t\t\t\t\t\t\t\t\t<img loading=\"lazy\" decoding=\"async\" width=\"900\" height=\"405\" src=\"https:\/\/www.apilab.esa.re\/wp-content\/uploads\/2024\/02\/387572323_352547213966535_1290242664797998181_n-1024x461.jpg\" class=\"attachment-large size-large\" alt=\"\" srcset=\"https:\/\/www.apilab.esa.re\/wp-content\/uploads\/2024\/02\/387572323_352547213966535_1290242664797998181_n-1024x461.jpg 1024w, https:\/\/www.apilab.esa.re\/wp-content\/uploads\/2024\/02\/387572323_352547213966535_1290242664797998181_n-300x135.jpg 300w, https:\/\/www.apilab.esa.re\/wp-content\/uploads\/2024\/02\/387572323_352547213966535_1290242664797998181_n-768x346.jpg 768w, https:\/\/www.apilab.esa.re\/wp-content\/uploads\/2024\/02\/387572323_352547213966535_1290242664797998181_n-1536x691.jpg 1536w, https:\/\/www.apilab.esa.re\/wp-content\/uploads\/2024\/02\/387572323_352547213966535_1290242664797998181_n-500x225.jpg 500w, https:\/\/www.apilab.esa.re\/wp-content\/uploads\/2024\/02\/387572323_352547213966535_1290242664797998181_n.jpg 2000w\" sizes=\"(max-width: 900px) 100vw, 900px\" \/>\t\t\t\t\t\t\t\t\t\t\t\t\t\t<\/div>\n\t\t\t\t\t\t<\/div>\n\t\t\t\t<\/div>\n\t\t\t\t\t\t<\/div>\n\t\t\t\t\t<\/div>\n\t\t<\/div>\n\t\t\t\t\t\t\t\t<\/div>\n\t\t\t\t\t<\/div>\n\t\t<\/section>\n\t\t\t\t<section class=\"elementor-section elementor-top-section elementor-element elementor-element-1c10308e elementor-section-height-min-height elementor-section-boxed elementor-section-height-default elementor-section-items-middle\" data-id=\"1c10308e\" data-element_type=\"section\" data-settings=\"{&quot;tmea_shape_divider_top&quot;:&quot;none&quot;,&quot;tmea_shape_divider_bottom&quot;:&quot;none&quot;}\">\n\t\t\t\t\t\t<div class=\"elementor-container elementor-column-gap-extended\">\n\t\t\t\t\t\t\t<div class=\"elementor-row\">\n\t\t\t\t\t<div class=\"elementor-column elementor-col-100 elementor-top-column elementor-element elementor-element-466788c9\" data-id=\"466788c9\" data-element_type=\"column\">\n\t\t\t<div class=\"elementor-column-wrap elementor-element-populated\">\n\t\t\t\t\t\t\t<div class=\"elementor-widget-wrap\">\n\t\t\t\t\t\t<div class=\"elementor-element elementor-element-53168ab6 elementor-widget elementor-widget-text-editor\" data-id=\"53168ab6\" data-element_type=\"widget\" data-widget_type=\"text-editor.default\">\n\t\t\t\t<div class=\"elementor-widget-container\">\n\t\t\t\t\t\t\t\t<div class=\"elementor-text-editor elementor-clearfix\">\n\t\t\t\t\t<h2>Le programme <em>\u00c9cocritique et Paysage entre La R\u00e9union et le Japon<\/em>, financ\u00e9 par la subvention RADAR du minist\u00e8re de la culture, dans la continuit\u00e9 de s\u00e9minaires et journ\u00e9es d&#8217;\u00e9tudes ayant eu lieu le 02 mars 2022 \u00e0 l&#8217;<a href=\"https:\/\/sites.google.com\/esa.re\/esa-reunion\/recherche\/colloques-journ%C3%A9es-d%C3%A9tudes\/2022-%C3%A9cocritique-et-paysages\">Ecole Sup\u00e9rieure d&#8217;Art de La R\u00e9union<\/a> et le 07 juin 2022 \u00e0 l&#8217;<a href=\"https:\/\/www.ens-lyon.fr\/evenement\/recherche\/cameras-mises-en-peril-instabilite-du-plan-dans-le-cinema-de-kazuo-hara-okinawa\">Ecole Normale Sup\u00e9rieure de Lyon<\/a> (ENS Lyon), s&#8217;est r\u00e9alis\u00e9 en plusieurs volets :<br>&#8211; Une conf\u00e9rence grand public \u00e0 la M\u00e9diath\u00e8que Fran\u00e7ois Mitterrand&nbsp;<span style=\"color: var( --e-global-color-text ); font-family: var( --e-global-typography-text-font-family ), Sans-serif;\">(Saint-Denis, La R\u00e9union)<\/span><span style=\"font-family: var( --e-global-typography-primary-font-family ), Sans-serif; font-weight: var( --e-global-typography-primary-font-weight ); color: var( --e-global-color-text );\">, <\/span><a href=\"https:\/\/www.lequotidien.re\/actualites\/societe\/saint-denis-projection-de-film-a-la-mediatheque-francois-mitterrand\/\"><i style=\"font-family: var( --e-global-typography-primary-font-family ), Sans-serif; font-weight: var( --e-global-typography-primary-font-weight ); color: var( --e-global-color-text );\">La nature et la technologie dans la culture populaire japonaise des ann\u00e9es quatre-vingt<\/i><\/a><span style=\"font-family: var( --e-global-typography-primary-font-family ), Sans-serif; font-weight: var( --e-global-typography-primary-font-weight ); color: var( --e-global-color-text );\">.<\/span><\/h2>\n<h2><span style=\"font-family: var( --e-global-typography-primary-font-family ), Sans-serif; font-weight: var( --e-global-typography-primary-font-weight ); color: var( --e-global-color-text );\"><br><\/span>&#8211; Des s\u00e9jours de recherche \u00e0 Tokyo, Chiba et \u00e0 Okinawa du 25 Octobre au 11 Novembre 2023.<br><span style=\"font-weight: normal;\">Deux \u00e9tudiant.e.s de 5e ann\u00e9e de l&#8217;ESA La R\u00e9union, H\u00e9lo\u00efse Thiburce et Thomas Nayagom, ainsi qu&#8217;une artiste chercheuse associ\u00e9e \u00e0 APILab, Masami, ont particip\u00e9 \u00e0 ces s\u00e9jours de recherche. Elles et il ont \u00e9t\u00e9 orient\u00e9s sur le plan th\u00e9matique par l&#8217;enseignant chercheur Mounir Allaoui.&nbsp;<\/span><\/h2>\n<h2><a href=\"https:\/\/www.apilab.esa.re\/index.php\/2024\/05\/30\/compte-rendu-du-sejour-de-recherche-a-okinawa-par-heloise-thiburce\/\" target=\"_blank\">Ici le compte rendu du s\u00e9jour de recherche \u00e0 Okinawa par H\u00e9lo\u00efse Thiburce<\/a><br><\/h2>\n<h2><span style=\"font-weight: normal;\"><br><\/span>&#8211; Un colloque organis\u00e9 les 7, 8 et 9 d\u00e9cembre 2023, intitul\u00e9 <i>Environnement et Paysage \u00e0 La R\u00e9union et au Japon : vers une \u00e9cocritique comparatiste<\/i>, en partenariat avec l&#8217;Universit\u00e9 de La R\u00e9union (Direction des Relations Internationales), L&#8217;Ecole Nationale Sup\u00e9rieure Louis Lumi\u00e8re et L&#8217;Ecole Nationale Sup\u00e9rieure d&#8217;Art de Paris-Cergy.<br>Les invit\u00e9s d&#8217;honneur \u00e9taient Micha\u00ebl Ferrier (\u00e9crivain et Professeur \u00e0 l&#8217;Universit\u00e9 Ch\u00fb\u00f4, \u00e0 Tokyo) et Mathieu Capel (Ma\u00eetre de conf\u00e9rences \u00e0 l&#8217;Universit\u00e9 de Tokyo).<br><span style=\"font-weight: normal;\"><span style=\"color: var( --e-global-color-text ); font-family: var( --e-global-typography-primary-font-family ), Sans-serif;\">Le programme du colloque est consultable sur <a href=\"http:\/\/sfej.asso.fr\/?p=5578\">le site de la soci\u00e9t\u00e9 fran\u00e7aise d&#8217;\u00e9tudes japonaises<\/a>&nbsp;<br><\/span><\/span><\/h2>\n<h2>&#8211; Un s\u00e9minaire, le 6 novembre, \u00e0 l&#8217;Universit\u00e9 Internationale <i>Josai<\/i>, pr\u00e9fecture de Chiba, campus de Togane.<br><span style=\"font-weight: normal;\">Ce s\u00e9minaire, organis\u00e9 par l&#8217;enseignante de l&#8217;Universit\u00e9 internationale Josai, Qian Yi Liu, a permis \u00e0 Thomas Nayagom et Mounir Allaoui de pr\u00e9senter, aux \u00e9tudiant.e.s de l&#8217;Universit\u00e9 Internationale Josai, l&#8217;\u00e9cole sup\u00e9rieure d&#8217;art de La R\u00e9union, ainsi que leurs recherches personnelles.&nbsp;<\/span><\/h2>\n<h2>&#8211; Une collaboration, entre Corinne le Neun (ENSAPC), Mounir Allaoui (ESAR) et Qian Yi Liu (Josai) sur l&#8217;\u00e9laboration du contenu du s\u00e9minaire <i>Japonologies<\/i> de l&#8217;\u00e9cole Nationale Sup\u00e9rieure de Paris-Cergy, qui a eu lieu l&#8217;apr\u00e8s-midi du 10 janvier 2024.<br>&#8211; <span style=\"font-weight: normal;\">Afin de partager des objets d&#8217;\u00e9tude de ce projet de recherche, <\/span>une programmation de quatre films tourn\u00e9s \u00e0 Okinawa <span style=\"font-weight: normal;\">a \u00e9t\u00e9 faite par Cl\u00e9ment Rauger (docteur en \u00e9tudes cin\u00e9matographiques, auteur pour les Cahiers du cin\u00e9ma et programmateur de films \u00e0 la cin\u00e9math\u00e8que fran\u00e7aise et \u00e0 la maison de la culture du Japon, \u00e0 Paris) et Mounir Allaoui.&nbsp; Cette programmation a \u00e9t\u00e9 projet\u00e9e au th\u00e9\u00e2tre Vladimir Canter \u00e0 l&#8217;Universit\u00e9 de La R\u00e9union, dans le cadre des activit\u00e9s de l&#8217;association Cin\u00e9-Campus (r\u00e9seau des cin\u00e9clubs Inter Film &#8211; UNICC). Les films pr\u00e9sent\u00e9s font partie du corpus d&#8217;oeuvres qui ont fait l&#8217;objet des discussions, entretiens et communications li\u00e9s au projet de recherche RADAR &#8211; Minist\u00e8re de la Culture.<br><\/span>&#8211; Les retranscriptions des entretiens r\u00e9alis\u00e9s lors du s\u00e9jour de recherche \u00e0 Tokyo, avec des cin\u00e9astes, universitaires et critiques japonais, Kazuo Hara, Yomota Inuhiko et Kohei Ando. (voir ci-dessous)<\/h2>\t\t\t\t\t<\/div>\n\t\t\t\t\t\t<\/div>\n\t\t\t\t<\/div>\n\t\t\t\t\t\t<\/div>\n\t\t\t\t\t<\/div>\n\t\t<\/div>\n\t\t\t\t\t\t\t\t<\/div>\n\t\t\t\t\t<\/div>\n\t\t<\/section>\n\t\t\t\t<section class=\"elementor-section elementor-top-section elementor-element elementor-element-75295ba elementor-section-boxed elementor-section-height-default elementor-section-height-default\" data-id=\"75295ba\" data-element_type=\"section\" data-settings=\"{&quot;tmea_shape_divider_top&quot;:&quot;none&quot;,&quot;tmea_shape_divider_bottom&quot;:&quot;none&quot;}\">\n\t\t\t\t\t\t<div class=\"elementor-container elementor-column-gap-default\">\n\t\t\t\t\t\t\t<div class=\"elementor-row\">\n\t\t\t\t\t<div class=\"elementor-column elementor-col-100 elementor-top-column elementor-element elementor-element-63aef86\" data-id=\"63aef86\" data-element_type=\"column\">\n\t\t\t<div class=\"elementor-column-wrap elementor-element-populated\">\n\t\t\t\t\t\t\t<div class=\"elementor-widget-wrap\">\n\t\t\t\t\t\t<div class=\"elementor-element elementor-element-5223208 elementor-widget elementor-widget-image\" data-id=\"5223208\" data-element_type=\"widget\" data-widget_type=\"image.default\">\n\t\t\t\t<div class=\"elementor-widget-container\">\n\t\t\t\t\t\t\t\t<div class=\"elementor-image\">\n\t\t\t\t\t\t\t\t\t\t\t\t<img loading=\"lazy\" decoding=\"async\" width=\"900\" height=\"675\" src=\"https:\/\/www.apilab.esa.re\/wp-content\/uploads\/2024\/02\/Yomota-Inuhiko-1024x768.jpg\" class=\"attachment-large size-large\" alt=\"\" srcset=\"https:\/\/www.apilab.esa.re\/wp-content\/uploads\/2024\/02\/Yomota-Inuhiko-1024x768.jpg 1024w, https:\/\/www.apilab.esa.re\/wp-content\/uploads\/2024\/02\/Yomota-Inuhiko-300x225.jpg 300w, https:\/\/www.apilab.esa.re\/wp-content\/uploads\/2024\/02\/Yomota-Inuhiko-768x576.jpg 768w, https:\/\/www.apilab.esa.re\/wp-content\/uploads\/2024\/02\/Yomota-Inuhiko-1536x1152.jpg 1536w, https:\/\/www.apilab.esa.re\/wp-content\/uploads\/2024\/02\/Yomota-Inuhiko-500x375.jpg 500w, https:\/\/www.apilab.esa.re\/wp-content\/uploads\/2024\/02\/Yomota-Inuhiko.jpg 2048w\" sizes=\"(max-width: 900px) 100vw, 900px\" \/>\t\t\t\t\t\t\t\t\t\t\t\t\t\t<\/div>\n\t\t\t\t\t\t<\/div>\n\t\t\t\t<\/div>\n\t\t\t\t\t\t<\/div>\n\t\t\t\t\t<\/div>\n\t\t<\/div>\n\t\t\t\t\t\t\t\t<\/div>\n\t\t\t\t\t<\/div>\n\t\t<\/section>\n\t\t\t\t<section class=\"elementor-section elementor-top-section elementor-element elementor-element-c4a48b4 elementor-section-boxed elementor-section-height-default elementor-section-height-default\" data-id=\"c4a48b4\" data-element_type=\"section\" data-settings=\"{&quot;tmea_shape_divider_top&quot;:&quot;none&quot;,&quot;tmea_shape_divider_bottom&quot;:&quot;none&quot;}\">\n\t\t\t\t\t\t<div class=\"elementor-container elementor-column-gap-default\">\n\t\t\t\t\t\t\t<div class=\"elementor-row\">\n\t\t\t\t\t<div class=\"elementor-column elementor-col-100 elementor-top-column elementor-element elementor-element-8969e80\" data-id=\"8969e80\" data-element_type=\"column\">\n\t\t\t<div class=\"elementor-column-wrap elementor-element-populated\">\n\t\t\t\t\t\t\t<div class=\"elementor-widget-wrap\">\n\t\t\t\t\t\t<div class=\"elementor-element elementor-element-313190f elementor-widget elementor-widget-text-editor\" data-id=\"313190f\" data-element_type=\"widget\" data-widget_type=\"text-editor.default\">\n\t\t\t\t<div class=\"elementor-widget-container\">\n\t\t\t\t\t\t\t\t<div class=\"elementor-text-editor elementor-clearfix\">\n\t\t\t\t\t<h1 style=\"line-height: 1.2; margin-top: 0pt; margin-bottom: 0pt;\"><span style=\"font-size: 12pt; font-family: Calibri,sans-serif; color: #000000; background-color: transparent; font-weight: 400; font-style: normal; font-variant: normal; text-decoration: none; vertical-align: baseline; white-space: pre-wrap;\">Photographie prise lors de l&#8217;entretien avec le Professeur et critique culturel Yomota Inuhiko.<\/span><\/h1><h1 style=\"line-height: 1.2; margin-top: 0pt; margin-bottom: 0pt;\"><span style=\"font-size: 12pt; font-family: Calibri,sans-serif; color: #000000; background-color: transparent; font-weight: 400; font-style: normal; font-variant: normal; text-decoration: none; vertical-align: baseline; white-space: pre-wrap;\">Entretien r\u00e9alis\u00e9 le 9 novembre 2023 par Mounir ALLAOUI (APILab, \u00e9cole sup\u00e9rieure d\u2019art de La R\u00e9union) et Liu QianYi, (Universit\u00e9 internationale Josai), prise son par Thomas Nayagom (\u00e9tudiant de 5<\/span><span style=\"font-size: 12pt; font-family: Calibri,sans-serif; color: #000000; background-color: transparent; font-weight: 400; font-style: normal; font-variant: normal; text-decoration: none; vertical-align: baseline; white-space: pre-wrap;\"><span style=\"font-size: 0.6em; vertical-align: super;\">e<\/span><\/span><span style=\"font-size: 12pt; font-family: Calibri,sans-serif; color: #000000; background-color: transparent; font-weight: 400; font-style: normal; font-variant: normal; text-decoration: none; vertical-align: baseline; white-space: pre-wrap;\"> ann\u00e9e \u00e0 l\u2019\u00e9cole sup\u00e9rieure d\u2019art de La R\u00e9union)<\/span><\/h1><h1 style=\"line-height: 1.2; margin-top: 0pt; margin-bottom: 0pt;\"><span style=\"font-size: 12pt; font-family: Calibri,sans-serif; color: #000000; background-color: transparent; font-weight: 400; font-style: normal; font-variant: normal; text-decoration: none; vertical-align: baseline; white-space: pre-wrap;\"><br \/><\/span><span style=\"font-size: 12pt; font-family: Calibri,sans-serif; color: #000000; background-color: transparent; font-weight: 400; font-style: normal; font-variant: normal; text-decoration: none; vertical-align: baseline; white-space: pre-wrap;\">Yomota Inuhiko a consacr\u00e9 plusieurs essais et symposiums au cin\u00e9ma tourn\u00e9 \u00e0 Okinawa. Ils ont \u00e9t\u00e9 r\u00e9unis dans l&#8217;ouvrage intitul\u00e9 \u300c\u6c96\u7e04\u6620\u753b\u8ad6\u300d(Th\u00e9orie du cin\u00e9ma d&#8217;Okinawa).<br \/><\/span><span style=\"font-size: 12pt; font-family: Calibri,sans-serif; color: #000000; background-color: transparent; font-weight: 400; font-style: normal; font-variant: normal; text-decoration: none; vertical-align: baseline; white-space: pre-wrap;\">C&#8217;est d\u2019abord pour cette raison que nous l&#8217;avons rencontr\u00e9.<br \/><\/span><span style=\"font-size: 12pt; font-family: Calibri,sans-serif; color: #000000; background-color: transparent; font-weight: 400; font-style: normal; font-variant: normal; text-decoration: none; vertical-align: baseline; white-space: pre-wrap;\">L&#8217;histoire d&#8217;Okinawa peut \u00eatre rapproch\u00e9e de celles des territoires ultramarins fran\u00e7ais, mais aussi des territoires insulaires anciennement colonis\u00e9s ayant eu dans leur histoire politique un moment &#8220;ind\u00e9pendantiste&#8221;. Yomota ouvre l&#8217;entretien par une comparaison avec Cuba.<br \/><\/span><span style=\"font-size: 12pt; font-family: Calibri,sans-serif; color: #000000; background-color: transparent; font-weight: 400; font-style: normal; font-variant: normal; text-decoration: none; vertical-align: baseline; white-space: pre-wrap;\">Bien que le statut d&#8217;Okinawa l&#8217;int\u00e8gre aujourd&#8217;hui pleinement au territoire japonais, depuis la r\u00e9trocession de 1972 par les Etats-Unis, cette pr\u00e9fecture a une histoire complexe entre occupation \u00e9tats-unienne et histoire imp\u00e9rialiste et coloniale japonaise. Cette histoire politique complexe, hautement conflictuelle se refl\u00e8te dans les productions cin\u00e9matographiques japonaises.<br \/><\/span><span style=\"font-size: 12pt; font-family: Calibri, sans-serif; color: #000000; background-color: transparent; font-weight: 400; font-variant-numeric: normal; font-variant-east-asian: normal; font-variant-alternates: normal; font-variant-position: normal; vertical-align: baseline; white-space-collapse: preserve;\">Le Japon est un pays dont les repr\u00e9sentations sont domin\u00e9es par l&#8217;id\u00e9e d&#8217;une homog\u00e9n\u00e9it\u00e9 ethnique et identitaire, cet entretien relativise cette id\u00e9e re\u00e7ue.<br \/><\/span><span style=\"font-size: 12pt; font-family: Calibri, sans-serif; color: #000000; background-color: transparent; font-weight: 400; font-variant-numeric: normal; font-variant-east-asian: normal; font-variant-alternates: normal; font-variant-position: normal; vertical-align: baseline; white-space-collapse: preserve;\">Un parall\u00e8le est ainsi possible entre l\u2019histoire d\u2019Okinawa dans son rapport \u00e0 sa \u00ab\u00a0m\u00e9tropole\u00a0\u00bb (hondo \u672c\u571f) et les outremers fran\u00e7aises.<br \/><\/span><span style=\"background-color: transparent; font-size: 12pt; font-weight: 400; font-family: Calibri, sans-serif; color: #000000; font-variant-numeric: normal; font-variant-east-asian: normal; vertical-align: baseline; white-space-collapse: preserve;\">A travers les exemples d&#8217;oeuvres cin\u00e9matographiques de Nagisa Oshima (<i>Dear Summer Sister, <\/i>1972), Kazuo Hara (<i>Extreme Private Eros : Love Song, <\/i>1974), du NDU (<i>Motoshinkakarannu<\/i>, 1971) et Takamine G\u00f4 (<i>Untamagiru, <\/i>1989), l&#8217;entretien aborde la question de la discontinuit\u00e9 identitaire au Japon.<\/span><\/h1><div><span style=\"background-color: transparent; font-size: 12pt; font-weight: 400; font-family: Calibri, sans-serif; color: #000000; font-variant-numeric: normal; font-variant-east-asian: normal; vertical-align: baseline; white-space-collapse: preserve;\">\u00a0<\/span><\/div><div><span style=\"background-color: transparent; font-size: 12pt; font-weight: 400; font-family: Calibri, sans-serif; color: #000000; font-variant-numeric: normal; font-variant-east-asian: normal; vertical-align: baseline; white-space-collapse: preserve;\">\u00a0<\/span><\/div><div><span style=\"background-color: transparent; font-size: 12pt; font-weight: 400; font-family: Calibri, sans-serif; color: #000000; font-variant-numeric: normal; font-variant-east-asian: normal; vertical-align: baseline; white-space-collapse: preserve;\">\u00a0<\/span><\/div><div><span style=\"background-color: transparent; font-size: 12pt; font-weight: 400; font-family: Calibri, sans-serif; color: #000000; font-variant-numeric: normal; font-variant-east-asian: normal; vertical-align: baseline; white-space-collapse: preserve;\">\u00a0<\/span><\/div><div><span style=\"background-color: transparent; font-size: 12pt; font-weight: 400; font-family: Calibri, sans-serif; color: #000000; font-variant-numeric: normal; font-variant-east-asian: normal; vertical-align: baseline; white-space-collapse: preserve;\">\u00a0<\/span><\/div>\t\t\t\t\t<\/div>\n\t\t\t\t\t\t<\/div>\n\t\t\t\t<\/div>\n\t\t\t\t\t\t<\/div>\n\t\t\t\t\t<\/div>\n\t\t<\/div>\n\t\t\t\t\t\t\t\t<\/div>\n\t\t\t\t\t<\/div>\n\t\t<\/section>\n\t\t\t\t\t\t<\/div>\n\t\t\t\t\t\t<\/div>\n\t\t\t\t\t<\/div>\n\t\t","protected":false},"excerpt":{"rendered":"<p>Le programme \u00c9cocritique et Paysage entre La R\u00e9union et le Japon, financ\u00e9 par la subvention RADAR du minist\u00e8re de la culture, dans la continuit\u00e9 de s\u00e9minaires et journ\u00e9es d&#8217;\u00e9tudes ayant eu lieu le 02 mars 2022 \u00e0 l&#8217;Ecole Sup\u00e9rieure d&#8217;Art de La R\u00e9union et le 07 juin 2022 \u00e0 l&#8217;Ecole Normale Sup\u00e9rieure de Lyon (ENS [&hellip;]<\/p>\n","protected":false},"author":7,"featured_media":3681,"parent":3491,"menu_order":0,"comment_status":"closed","ping_status":"closed","template":"page-templates\/home-page-1.php","meta":{"footnotes":""},"_links":{"self":[{"href":"https:\/\/www.apilab.esa.re\/index.php\/wp-json\/wp\/v2\/pages\/3675"}],"collection":[{"href":"https:\/\/www.apilab.esa.re\/index.php\/wp-json\/wp\/v2\/pages"}],"about":[{"href":"https:\/\/www.apilab.esa.re\/index.php\/wp-json\/wp\/v2\/types\/page"}],"author":[{"embeddable":true,"href":"https:\/\/www.apilab.esa.re\/index.php\/wp-json\/wp\/v2\/users\/7"}],"replies":[{"embeddable":true,"href":"https:\/\/www.apilab.esa.re\/index.php\/wp-json\/wp\/v2\/comments?post=3675"}],"version-history":[{"count":245,"href":"https:\/\/www.apilab.esa.re\/index.php\/wp-json\/wp\/v2\/pages\/3675\/revisions"}],"predecessor-version":[{"id":4054,"href":"https:\/\/www.apilab.esa.re\/index.php\/wp-json\/wp\/v2\/pages\/3675\/revisions\/4054"}],"up":[{"embeddable":true,"href":"https:\/\/www.apilab.esa.re\/index.php\/wp-json\/wp\/v2\/pages\/3491"}],"wp:featuredmedia":[{"embeddable":true,"href":"https:\/\/www.apilab.esa.re\/index.php\/wp-json\/wp\/v2\/media\/3681"}],"wp:attachment":[{"href":"https:\/\/www.apilab.esa.re\/index.php\/wp-json\/wp\/v2\/media?parent=3675"}],"curies":[{"name":"wp","href":"https:\/\/api.w.org\/{rel}","templated":true}]}}