{"id":71,"date":"2021-05-11T15:30:27","date_gmt":"2021-05-11T13:30:27","guid":{"rendered":"http:\/\/www.apilab.esa.re\/?page_id=71"},"modified":"2021-11-10T06:40:41","modified_gmt":"2021-11-10T05:40:41","slug":"musee-apatride","status":"publish","type":"page","link":"https:\/\/www.apilab.esa.re\/index.php\/musee-apatride\/","title":{"rendered":"Mus\u00e9e Apatride"},"content":{"rendered":"\t\t<div data-elementor-type=\"wp-page\" data-elementor-id=\"71\" class=\"elementor elementor-71\" data-elementor-settings=\"[]\">\n\t\t\t\t\t\t<div class=\"elementor-inner\">\n\t\t\t\t\t\t\t<div class=\"elementor-section-wrap\">\n\t\t\t\t\t\t\t<section class=\"elementor-section elementor-top-section elementor-element elementor-element-51f5cfb elementor-section-stretched elementor-section-boxed elementor-section-height-default elementor-section-height-default\" data-id=\"51f5cfb\" data-element_type=\"section\" data-settings=\"{&quot;stretch_section&quot;:&quot;section-stretched&quot;,&quot;tmea_shape_divider_top&quot;:&quot;none&quot;,&quot;tmea_shape_divider_bottom&quot;:&quot;none&quot;}\">\n\t\t\t\t\t\t<div class=\"elementor-container elementor-column-gap-default\">\n\t\t\t\t\t\t\t<div class=\"elementor-row\">\n\t\t\t\t\t<div class=\"elementor-column elementor-col-100 elementor-top-column elementor-element elementor-element-92a658c\" data-id=\"92a658c\" data-element_type=\"column\">\n\t\t\t<div class=\"elementor-column-wrap elementor-element-populated\">\n\t\t\t\t\t\t\t<div class=\"elementor-widget-wrap\">\n\t\t\t\t\t\t<div class=\"elementor-element elementor-element-a4da184 elementor--h-position-center elementor--v-position-middle elementor-arrows-position-inside elementor-pagination-position-inside elementor-widget elementor-widget-slides\" data-id=\"a4da184\" data-element_type=\"widget\" data-settings=\"{&quot;navigation&quot;:&quot;both&quot;,&quot;autoplay&quot;:&quot;yes&quot;,&quot;pause_on_hover&quot;:&quot;yes&quot;,&quot;pause_on_interaction&quot;:&quot;yes&quot;,&quot;autoplay_speed&quot;:5000,&quot;infinite&quot;:&quot;yes&quot;,&quot;transition&quot;:&quot;slide&quot;,&quot;transition_speed&quot;:500}\" data-widget_type=\"slides.default\">\n\t\t\t\t<div class=\"elementor-widget-container\">\n\t\t\t\t\t<div class=\"elementor-swiper\">\n\t\t\t<div class=\"elementor-slides-wrapper elementor-main-swiper swiper-container\" dir=\"ltr\" data-animation=\"fadeInUp\">\n\t\t\t\t<div class=\"swiper-wrapper elementor-slides\">\n\t\t\t\t\t<div class=\"elementor-repeater-item-976e528 swiper-slide\"><div class=\"swiper-slide-bg\"><\/div><div class=\"swiper-slide-inner\" ><div class=\"swiper-slide-contents\"><div class=\"elementor-slide-heading\">MUS\u00c9E APATRIDE<\/div><div class=\"elementor-slide-description\">S\u00e9minaire et workshop (2017-2018)<\/div><\/div><\/div><\/div>\t\t\t\t<\/div>\n\t\t\t\t\t\t\t<\/div>\n\t\t<\/div>\n\t\t\t\t<\/div>\n\t\t\t\t<\/div>\n\t\t\t\t\t\t<\/div>\n\t\t\t\t\t<\/div>\n\t\t<\/div>\n\t\t\t\t\t\t\t\t<\/div>\n\t\t\t\t\t<\/div>\n\t\t<\/section>\n\t\t\t\t<section class=\"elementor-section elementor-top-section elementor-element elementor-element-01973f6 elementor-section-boxed elementor-section-height-default elementor-section-height-default\" data-id=\"01973f6\" data-element_type=\"section\" data-settings=\"{&quot;tmea_shape_divider_top&quot;:&quot;none&quot;,&quot;tmea_shape_divider_bottom&quot;:&quot;none&quot;}\">\n\t\t\t\t\t\t<div class=\"elementor-container elementor-column-gap-default\">\n\t\t\t\t\t\t\t<div class=\"elementor-row\">\n\t\t\t\t\t<div class=\"elementor-column elementor-col-100 elementor-top-column elementor-element elementor-element-8613398\" data-id=\"8613398\" data-element_type=\"column\">\n\t\t\t<div class=\"elementor-column-wrap elementor-element-populated\">\n\t\t\t\t\t\t\t<div class=\"elementor-widget-wrap\">\n\t\t\t\t\t\t<div class=\"elementor-element elementor-element-a608ec4 elementor--h-position-center elementor--v-position-middle elementor-arrows-position-inside elementor-pagination-position-inside elementor-widget elementor-widget-slides\" data-id=\"a608ec4\" data-element_type=\"widget\" data-settings=\"{&quot;navigation&quot;:&quot;both&quot;,&quot;autoplay&quot;:&quot;yes&quot;,&quot;pause_on_hover&quot;:&quot;yes&quot;,&quot;pause_on_interaction&quot;:&quot;yes&quot;,&quot;autoplay_speed&quot;:5000,&quot;infinite&quot;:&quot;yes&quot;,&quot;transition&quot;:&quot;slide&quot;,&quot;transition_speed&quot;:500}\" data-widget_type=\"slides.default\">\n\t\t\t\t<div class=\"elementor-widget-container\">\n\t\t\t\t\t<div class=\"elementor-swiper\">\n\t\t\t<div class=\"elementor-slides-wrapper elementor-main-swiper swiper-container\" dir=\"ltr\" data-animation=\"fadeInUp\">\n\t\t\t\t<div class=\"swiper-wrapper elementor-slides\">\n\t\t\t\t\t<div class=\"elementor-repeater-item-6a42d2a swiper-slide\"><div class=\"swiper-slide-bg\"><\/div><div class=\"swiper-slide-inner\" ><div class=\"swiper-slide-contents\"><\/div><\/div><\/div><div class=\"elementor-repeater-item-9f23697 swiper-slide\"><div class=\"swiper-slide-bg\"><\/div><div class=\"swiper-slide-inner\" ><div class=\"swiper-slide-contents\"><\/div><\/div><\/div><div class=\"elementor-repeater-item-3c9cdbc swiper-slide\"><div class=\"swiper-slide-bg\"><\/div><div class=\"swiper-slide-inner\" ><div class=\"swiper-slide-contents\"><\/div><\/div><\/div>\t\t\t\t<\/div>\n\t\t\t\t\t\t\t\t\t\t\t\t\t\t\t<div class=\"swiper-pagination\"><\/div>\n\t\t\t\t\t\t\t\t\t\t\t\t\t\t\t\t<div class=\"elementor-swiper-button elementor-swiper-button-prev\">\n\t\t\t\t\t\t\t<i class=\"eicon-chevron-left\" aria-hidden=\"true\"><\/i>\n\t\t\t\t\t\t\t<span class=\"elementor-screen-only\">Previous<\/span>\n\t\t\t\t\t\t<\/div>\n\t\t\t\t\t\t<div class=\"elementor-swiper-button elementor-swiper-button-next\">\n\t\t\t\t\t\t\t<i class=\"eicon-chevron-right\" aria-hidden=\"true\"><\/i>\n\t\t\t\t\t\t\t<span class=\"elementor-screen-only\">Next<\/span>\n\t\t\t\t\t\t<\/div>\n\t\t\t\t\t\t\t\t\t\t\t\t<\/div>\n\t\t<\/div>\n\t\t\t\t<\/div>\n\t\t\t\t<\/div>\n\t\t\t\t\t\t<\/div>\n\t\t\t\t\t<\/div>\n\t\t<\/div>\n\t\t\t\t\t\t\t\t<\/div>\n\t\t\t\t\t<\/div>\n\t\t<\/section>\n\t\t\t\t<section class=\"elementor-section elementor-top-section elementor-element elementor-element-0d0b5f7 elementor-section-boxed elementor-section-height-default elementor-section-height-default\" data-id=\"0d0b5f7\" data-element_type=\"section\" data-settings=\"{&quot;tmea_shape_divider_top&quot;:&quot;none&quot;,&quot;tmea_shape_divider_bottom&quot;:&quot;none&quot;}\">\n\t\t\t\t\t\t<div class=\"elementor-container elementor-column-gap-default\">\n\t\t\t\t\t\t\t<div class=\"elementor-row\">\n\t\t\t\t\t<div class=\"elementor-column elementor-col-100 elementor-top-column elementor-element elementor-element-71d75b3\" data-id=\"71d75b3\" data-element_type=\"column\">\n\t\t\t<div class=\"elementor-column-wrap elementor-element-populated\">\n\t\t\t\t\t\t\t<div class=\"elementor-widget-wrap\">\n\t\t\t\t\t\t<div class=\"elementor-element elementor-element-7256261 elementor-widget elementor-widget-text-editor\" data-id=\"7256261\" data-element_type=\"widget\" data-widget_type=\"text-editor.default\">\n\t\t\t\t<div class=\"elementor-widget-container\">\n\t\t\t\t\t\t\t\t<div class=\"elementor-text-editor elementor-clearfix\">\n\t\t\t\t\t<p><strong><u>QUI PARLE\u00a0?<\/u><\/strong><\/p><p>En 1970, Deleuze disait \u00e0 Michel Foucault \u00ab\u00a0vous nous avez enseign\u00e9 l\u2019indignit\u00e9 qu\u2019il y a \u00e0 parler pour les autres\u00a0\u00bb, ouvrant le grand questionnement f\u00e9ministe, queer et postcolonial qui se tiendrait jusqu\u2019\u00e0 nous aujourd\u2019hui et que Gayatri Spivak r\u00e9ouvrira radicalement avec <em>Les subalternes peuvent\u2013elles parler\u00a0?<\/em><\/p><p>Lorsque l\u2019on se demandait alors \u00ab\u00a0qui parle\u00a0? depuis o\u00f9\u00a0? et depuis quelle position de pouvoir\u00a0? \u00bb, une sc\u00e8ne th\u00e9\u00e2trale s\u2019ouvrait avec ses protagonistes, interrogeant les instances qui structurent la parole d\u00e9mocratique et ses dispositifs, mais aussi l\u2019histoire du cin\u00e9ma documentaire, les pratiques de l\u2019autofiction, la psychanalyse ou l\u2019ethnographie.<\/p><p>Aujourd\u2019hui, c\u2019est la voix silencieuse du monde qui nous rattrape, alors qu\u2019avec l\u2019\u00e8re de l\u2019Anthropoc\u00e8ne, toute vie devient digne d\u2019habiter un plus vaste parlement, qui s\u2019ouvre aux animaux, aux v\u00e9g\u00e9taux, aux machines, aux cyborgs, aux objets. Mais que dit-on lorsque l\u2019on dit que les plantes, les pierres, les objets, les animaux ont une voix\u00a0? Qui alors peut les \u00ab\u00a0traduire\u00a0\u00bb et parler \u00ab\u00a0pour\u00a0\u00bb eux\u00a0(au double sens de \u00ab\u00a0pour\u00a0\u00bb &#8211; \u00e0 leur intention et \u00e0 leur place) ? Que fait l\u2019Anthropoc\u00e8ne aux \u00e9pist\u00e9mologies du point de vue (la standpoint theory)\u00a0?<\/p><p>A l\u2019aune de la fulgurante formule de Rimbaud \u00ab\u00a0Je est un autre\u00a0\u00bb, c\u2019est en effet une autre question qui scintille d\u00e9sormais, peut-\u00eatre moins celle de \u00ab\u00a0qui parle\u00a0\u00bb que la politique impersonnelle du \u00ab qu\u2019est-ce qui parle \u00e0 travers nous \u00bb.<\/p><p>C\u2019est des po\u00e9tiques et politiques \u00e9nonciatives et des controverses contemporaines qui traversent le monde de l\u2019art, de la pens\u00e9e, et de la politique aujourd\u2019hui dont il sera question durant ce s\u00e9minaire (le statut de nouveaux sujets juridiques et politiques dans le cadre des droits \u00e9cologiques, la \u00ab\u00a0querelle de l\u2019appropriation culturelle\u00a0\u00bb, ou encore celle de la souverainet\u00e9 des objets dans le cadre des politiques de restitution, etc.), \u00e0 partir de manifestes litt\u00e9raires, po\u00e8mes, textes th\u00e9oriques, films, etc.<\/p><p>Un<strong> s\u00e9minaire<\/strong> propos\u00e9 par Aliocha Imhoff &amp; Kantuta Quir\u00f3s, th\u00e9oriciens de l\u2019art et curateurs, dans le cadre de l\u2019ARC \u00ab\u00a0Paroles, paroles\u00a0\u00bb (Myriam Omar Awadi, Yohann Queland de Saint Pern) de l\u2019Ecole Sup\u00e9rieure d\u2019Art de La R\u00e9union, ouvert \u00e0 un public large (artistes, acteurs culturels, commissaires etc). <br \/>Un <strong>workshop<\/strong> plus sp\u00e9cifiquement adress\u00e9 aux \u00e9tudiants de l\u2019ARC s&#8217;inscrira dans la continuit\u00e9 th\u00e9matique du s\u00e9minaire, o\u00f9 les \u00e9tudiants seront donc amen\u00e9s \u00e0 d\u00e9velopper des projets \u00e0 partir de mediums multiples (vid\u00e9o, photographie, \u00e9dition, performance, installation, etc.) autour de cet enjeu &#8220;Qui parle ?&#8221; et la mati\u00e8re th\u00e9orique, plastique et po\u00e9tique amen\u00e9e durant le s\u00e9minaire.<\/p><p>Un <strong>projet \u00e9ditorial<\/strong> fera suite \u00e0 ce s\u00e9minaire.<\/p>\t\t\t\t\t<\/div>\n\t\t\t\t\t\t<\/div>\n\t\t\t\t<\/div>\n\t\t\t\t\t\t<\/div>\n\t\t\t\t\t<\/div>\n\t\t<\/div>\n\t\t\t\t\t\t\t\t<\/div>\n\t\t\t\t\t<\/div>\n\t\t<\/section>\n\t\t\t\t<section class=\"elementor-section elementor-top-section elementor-element elementor-element-62ced07 elementor-section-boxed elementor-section-height-default elementor-section-height-default\" data-id=\"62ced07\" data-element_type=\"section\" data-settings=\"{&quot;tmea_shape_divider_top&quot;:&quot;none&quot;,&quot;tmea_shape_divider_bottom&quot;:&quot;none&quot;}\">\n\t\t\t\t\t\t<div class=\"elementor-container elementor-column-gap-default\">\n\t\t\t\t\t\t\t<div class=\"elementor-row\">\n\t\t\t\t\t<div class=\"elementor-column elementor-col-50 elementor-top-column elementor-element elementor-element-cd5fae2\" data-id=\"cd5fae2\" data-element_type=\"column\">\n\t\t\t<div class=\"elementor-column-wrap elementor-element-populated\">\n\t\t\t\t\t\t\t<div class=\"elementor-widget-wrap\">\n\t\t\t\t\t\t<div class=\"elementor-element elementor-element-ea698c2 elementor-widget elementor-widget-image\" data-id=\"ea698c2\" data-element_type=\"widget\" data-widget_type=\"image.default\">\n\t\t\t\t<div class=\"elementor-widget-container\">\n\t\t\t\t\t\t\t\t<div class=\"elementor-image\">\n\t\t\t\t\t\t\t\t\t\t\t\t<img loading=\"lazy\" decoding=\"async\" width=\"720\" height=\"960\" src=\"https:\/\/www.apilab.esa.re\/wp-content\/uploads\/2021\/11\/31-MUSEUM-1.jpg\" class=\"attachment-large size-large\" alt=\"\" srcset=\"https:\/\/www.apilab.esa.re\/wp-content\/uploads\/2021\/11\/31-MUSEUM-1.jpg 720w, https:\/\/www.apilab.esa.re\/wp-content\/uploads\/2021\/11\/31-MUSEUM-1-225x300.jpg 225w, https:\/\/www.apilab.esa.re\/wp-content\/uploads\/2021\/11\/31-MUSEUM-1-500x667.jpg 500w\" sizes=\"(max-width: 720px) 100vw, 720px\" \/>\t\t\t\t\t\t\t\t\t\t\t\t\t\t<\/div>\n\t\t\t\t\t\t<\/div>\n\t\t\t\t<\/div>\n\t\t\t\t\t\t<\/div>\n\t\t\t\t\t<\/div>\n\t\t<\/div>\n\t\t\t\t<div class=\"elementor-column elementor-col-50 elementor-top-column elementor-element elementor-element-0b5bdb4\" data-id=\"0b5bdb4\" data-element_type=\"column\">\n\t\t\t<div class=\"elementor-column-wrap elementor-element-populated\">\n\t\t\t\t\t\t\t<div class=\"elementor-widget-wrap\">\n\t\t\t\t\t\t<div class=\"elementor-element elementor-element-192383b elementor-widget elementor-widget-image\" data-id=\"192383b\" data-element_type=\"widget\" data-widget_type=\"image.default\">\n\t\t\t\t<div class=\"elementor-widget-container\">\n\t\t\t\t\t\t\t\t<div class=\"elementor-image\">\n\t\t\t\t\t\t\t\t\t\t\t\t<img loading=\"lazy\" decoding=\"async\" width=\"720\" height=\"960\" src=\"https:\/\/www.apilab.esa.re\/wp-content\/uploads\/2021\/11\/32-MUSEUM.jpg\" class=\"attachment-large size-large\" alt=\"\" srcset=\"https:\/\/www.apilab.esa.re\/wp-content\/uploads\/2021\/11\/32-MUSEUM.jpg 720w, https:\/\/www.apilab.esa.re\/wp-content\/uploads\/2021\/11\/32-MUSEUM-225x300.jpg 225w, https:\/\/www.apilab.esa.re\/wp-content\/uploads\/2021\/11\/32-MUSEUM-500x667.jpg 500w\" sizes=\"(max-width: 720px) 100vw, 720px\" \/>\t\t\t\t\t\t\t\t\t\t\t\t\t\t<\/div>\n\t\t\t\t\t\t<\/div>\n\t\t\t\t<\/div>\n\t\t\t\t\t\t<\/div>\n\t\t\t\t\t<\/div>\n\t\t<\/div>\n\t\t\t\t\t\t\t\t<\/div>\n\t\t\t\t\t<\/div>\n\t\t<\/section>\n\t\t\t\t<section class=\"elementor-section elementor-top-section elementor-element elementor-element-c4a4e2b elementor-section-boxed elementor-section-height-default elementor-section-height-default\" data-id=\"c4a4e2b\" data-element_type=\"section\" data-settings=\"{&quot;tmea_shape_divider_top&quot;:&quot;none&quot;,&quot;tmea_shape_divider_bottom&quot;:&quot;none&quot;}\">\n\t\t\t\t\t\t<div class=\"elementor-container elementor-column-gap-default\">\n\t\t\t\t\t\t\t<div class=\"elementor-row\">\n\t\t\t\t\t<div class=\"elementor-column elementor-col-100 elementor-top-column elementor-element elementor-element-235dff4\" data-id=\"235dff4\" data-element_type=\"column\">\n\t\t\t<div class=\"elementor-column-wrap elementor-element-populated\">\n\t\t\t\t\t\t\t<div class=\"elementor-widget-wrap\">\n\t\t\t\t\t\t<div class=\"elementor-element elementor-element-a6bb588 elementor-widget elementor-widget-text-editor\" data-id=\"a6bb588\" data-element_type=\"widget\" data-widget_type=\"text-editor.default\">\n\t\t\t\t<div class=\"elementor-widget-container\">\n\t\t\t\t\t\t\t\t<div class=\"elementor-text-editor elementor-clearfix\">\n\t\t\t\t\t<p><strong>Les porteurs du projet\u00a0<\/strong><\/p><p><strong>Aliocha Imhoff<\/strong> &amp; <strong>Kantuta Quir\u00f3s <\/strong>sont th\u00e9oriciens de l\u2019art, commissaires d\u2019exposition et cin\u00e9astes, co-fondateurs de la plateforme curatoriale <em>le peuple qui manque<\/em>, cr\u00e9\u00e9e en 2005 \u00e0 Paris. En duo, ils d\u00e9veloppent depuis plusieurs ann\u00e9es un projet de recherche qui appelle \u00e0 une nouvelle \u00e9cologie des savoirs. Parmi leurs derniers projets curatoriaux (expositions, symposiums, publications, films, r\u00e9trospectives, \u00ab\u00a0sc\u00e9nographies de la pens\u00e9e contemporaine\u00a0\u00bb, assembl\u00e9es fictives, proc\u00e8s imaginaires&#8230;)<em>, Le parlement des po\u00e8tes <\/em>(Ateliers M\u00e9dicis, 2018),<em> Art is Not the Enemy. Graphics of Tricontinental Dissents <\/em>(<span style=\"text-decoration: line-through;\">La Colonie<\/span>, 2018), <em>A Debt of Times<\/em> (Konsthall C, Stockholm, 2018), <em>Le proc\u00e8s de la fiction<\/em> (Nuit Blanche, 2017, meilleure exposition de 2017 selon les Inrocks, meilleur \u00e9v\u00e9nement de parole selon Le Monde et Kunstkritikk), <em>Une Constituante migrante<\/em> (Centre Pompidou, 2017), <em>A Government of Times<\/em> (Rebuild Foundation, Chicago, Leipzig, 2016), <em>La frontera nos cruzo<\/em> (Museo de la Inmigracion, Buenos Aires, 2015), <em>Post-exotisme<\/em> (New Haven Fort, UK, 2015), <em>Cin\u00e9ma Permanent<\/em> in <em>Leiris &amp; Co<\/em> (Centre Pompidou Metz, 2015), <em>Au-del\u00e0 de l&#8217;Effet-Magiciens<\/em> (Fondation Gulbenkian, Laboratoires d&#8217;Aubervilliers, 2015), <em>The Accelerationist Trial<\/em> (Centre Pompidou, 2014), <em>Le proc\u00e8s d\u2019une pol\u00e9mique : Jan Karski, histoire et fiction<\/em> (HEAD Gen\u00e8ve, 2014), <em>La g<\/em><em>\u00e9<\/em><em>ografia sirve, primero, para hacer la guerra<\/em> (Museo de la Memoria, Bogota, 2014),<em> A Thousand Years of NonLinear History <\/em>(Centre Pompidou, 2013), <em>Fais un effort pour te souvenir. Ou, \u00e0 d\u00e9faut, invente.<\/em> (B\u00e9tonsalon &#8211; Centre d\u2019Art et de Recherche, 2013), <em>L\u2019artiste en ethnographe <\/em>(Quai Branly &#8211; Centre Pompidou, 2012), <em>Que faire ? art\/film\/politique<\/em> (Centre Pompidou, Palais de Tokyo, Beaux-Arts de Paris, 2010), etc.<\/p><p>Aliocha Imhoff &amp; Kantuta Quir\u00f3s sont \u00e0 l\u2019initiative de nombreuses publications et auteur de nombreux articles. Ils ont dirig\u00e9 <em>G\u00e9<\/em><em>oesth<\/em><em>\u00e9tique<\/em> (Editions B42, 2014), <em>Histoires afropolitaines de l\u2019art<\/em>, Multitudes 53-54 (2014) et publi\u00e9 <em>Les potentiels du temps<\/em> (Manuella Editions, 2016), manifeste th\u00e9orique \u00e9lu parmi les 10 meilleurs essais de 2016 selon les Inrocks. Ils d\u00e9veloppent en ce moment <em>Les Impatients<\/em>, un film-essai, une s\u00e9rie chronopolitique. Membres du comit\u00e9 de r\u00e9daction de la revue Multitudes, du comit\u00e9 \u00e9ditorial des Prairies Ordinaires, de la Nuit des Id\u00e9es, du comit\u00e9 scientifique de la refonte des galeries permanentes du Mus\u00e9e de l\u2019Histoire de l\u2019Immigration ou de la plateforme Entre-temps du Coll\u00e8ge de France, ils \u00e9taient en 2015-2016 r\u00e9sidents du programme de r\u00e9sidence de la M\u00e9thode Room \u00e0 Chicago, \u00e0 la Rebuild Foundation et sont actuellement r\u00e9sidents aux Ateliers M\u00e9dicis. Kantuta Quir\u00f3s est actuellement Ma\u00eetre de conf\u00e9rence associ\u00e9e \u00e0 l&#8217;Ecole Nationale Sup\u00e9rieure d\u2019Architecture, o\u00f9 elle enseigne la th\u00e9orie de l\u2019art. Aliocha Imhoff enseigne l\u2019esth\u00e9tique et le cin\u00e9ma \u00e0 l\u2019Universit\u00e9 Paris 1 Panth\u00e9on Sorbonne.<\/p><p><a href=\"http:\/\/www.lepeuplequimanque.org\/\">www.lepeuplequimanque.org<\/a><\/p>\t\t\t\t\t<\/div>\n\t\t\t\t\t\t<\/div>\n\t\t\t\t<\/div>\n\t\t\t\t\t\t<\/div>\n\t\t\t\t\t<\/div>\n\t\t<\/div>\n\t\t\t\t\t\t\t\t<\/div>\n\t\t\t\t\t<\/div>\n\t\t<\/section>\n\t\t\t\t<section class=\"elementor-section elementor-top-section elementor-element elementor-element-22b0a2c elementor-section-boxed elementor-section-height-default elementor-section-height-default\" data-id=\"22b0a2c\" data-element_type=\"section\" data-settings=\"{&quot;tmea_shape_divider_top&quot;:&quot;none&quot;,&quot;tmea_shape_divider_bottom&quot;:&quot;none&quot;}\">\n\t\t\t\t\t\t<div class=\"elementor-container elementor-column-gap-default\">\n\t\t\t\t\t\t\t<div class=\"elementor-row\">\n\t\t\t\t\t<div class=\"elementor-column elementor-col-100 elementor-top-column elementor-element elementor-element-947c821\" data-id=\"947c821\" data-element_type=\"column\">\n\t\t\t<div class=\"elementor-column-wrap elementor-element-populated\">\n\t\t\t\t\t\t\t<div class=\"elementor-widget-wrap\">\n\t\t\t\t\t\t<div class=\"elementor-element elementor-element-256a9d5 elementor-widget-divider--separator-type-pattern elementor-widget-divider--view-line elementor-widget elementor-widget-divider\" data-id=\"256a9d5\" data-element_type=\"widget\" data-widget_type=\"divider.default\">\n\t\t\t\t<div class=\"elementor-widget-container\">\n\t\t\t\t\t<div class=\"elementor-divider\" style=\"--divider-pattern-url: url(&quot;data:image\/svg+xml,%3Csvg xmlns=&#039;http:\/\/www.w3.org\/2000\/svg&#039; preserveAspectRatio=&#039;none&#039; overflow=&#039;visible&#039; height=&#039;100%&#039; viewBox=&#039;0 0 20 16&#039; fill=&#039;none&#039; stroke=&#039;black&#039; stroke-width=&#039;1&#039; stroke-linecap=&#039;square&#039; stroke-miterlimit=&#039;10&#039;%3E%3Cg transform=&#039;translate(-12.000000, 0)&#039;%3E%3Cpath d=&#039;M28,0L10,18&#039;\/%3E%3Cpath d=&#039;M18,0L0,18&#039;\/%3E%3Cpath d=&#039;M48,0L30,18&#039;\/%3E%3Cpath d=&#039;M38,0L20,18&#039;\/%3E%3C\/g%3E%3C\/svg%3E&quot;);\">\n\t\t\t<span class=\"elementor-divider-separator\">\n\t\t\t\t\t\t<\/span>\n\t\t<\/div>\n\t\t\t\t<\/div>\n\t\t\t\t<\/div>\n\t\t\t\t\t\t<\/div>\n\t\t\t\t\t<\/div>\n\t\t<\/div>\n\t\t\t\t\t\t\t\t<\/div>\n\t\t\t\t\t<\/div>\n\t\t<\/section>\n\t\t\t\t\t\t<\/div>\n\t\t\t\t\t\t<\/div>\n\t\t\t\t\t<\/div>\n\t\t","protected":false},"excerpt":{"rendered":"<p>MUS\u00c9E APATRIDES\u00e9minaire et workshop (2017-2018) Previous Next QUI PARLE\u00a0? En 1970, Deleuze disait \u00e0 Michel Foucault \u00ab\u00a0vous nous avez enseign\u00e9 l\u2019indignit\u00e9 qu\u2019il y a \u00e0 parler pour les autres\u00a0\u00bb, ouvrant le grand questionnement f\u00e9ministe, queer et postcolonial qui se tiendrait jusqu\u2019\u00e0 nous aujourd\u2019hui et que Gayatri Spivak r\u00e9ouvrira radicalement avec Les subalternes peuvent\u2013elles parler\u00a0? Lorsque [&hellip;]<\/p>\n","protected":false},"author":1,"featured_media":0,"parent":0,"menu_order":0,"comment_status":"closed","ping_status":"closed","template":"page-templates\/home-page-1.php","meta":{"footnotes":""},"_links":{"self":[{"href":"https:\/\/www.apilab.esa.re\/index.php\/wp-json\/wp\/v2\/pages\/71"}],"collection":[{"href":"https:\/\/www.apilab.esa.re\/index.php\/wp-json\/wp\/v2\/pages"}],"about":[{"href":"https:\/\/www.apilab.esa.re\/index.php\/wp-json\/wp\/v2\/types\/page"}],"author":[{"embeddable":true,"href":"https:\/\/www.apilab.esa.re\/index.php\/wp-json\/wp\/v2\/users\/1"}],"replies":[{"embeddable":true,"href":"https:\/\/www.apilab.esa.re\/index.php\/wp-json\/wp\/v2\/comments?post=71"}],"version-history":[{"count":91,"href":"https:\/\/www.apilab.esa.re\/index.php\/wp-json\/wp\/v2\/pages\/71\/revisions"}],"predecessor-version":[{"id":3270,"href":"https:\/\/www.apilab.esa.re\/index.php\/wp-json\/wp\/v2\/pages\/71\/revisions\/3270"}],"wp:attachment":[{"href":"https:\/\/www.apilab.esa.re\/index.php\/wp-json\/wp\/v2\/media?parent=71"}],"curies":[{"name":"wp","href":"https:\/\/api.w.org\/{rel}","templated":true}]}}